{"id":39331,"date":"2024-11-20T19:30:28","date_gmt":"2024-11-20T19:30:28","guid":{"rendered":"https:\/\/senabel.com\/?post_type=product&#038;p=39331"},"modified":"2026-03-05T09:23:57","modified_gmt":"2026-03-05T09:23:57","slug":"pistaschbakelse-500g","status":"publish","type":"product","link":"https:\/\/senabel.com\/sv\/product\/%d9%85%d8%b9%d9%85%d9%88%d9%84-%d8%a8%d8%a7%d9%84%d9%81%d8%b3%d8%aa%d9%82-500%d8%ba\/","title":{"rendered":"Pistaschbakelse 500g"},"content":{"rendered":"<p>Denna l\u00e4ckra dessert \u00e4r gjord p\u00e5 naturliga och h\u00f6gkvalitativa ingredienser f\u00f6r att skapa en unik gastronomisk upplevelse f\u00f6r alla tillf\u00e4llen och smaker.<\/p>\n<h3>Produktinformation:<\/h3>\n<p><strong>Vikt:<\/strong> 500 g netto<br \/>\n<strong>F\u00f6rpackning:<\/strong> En elegant och vacker l\u00e5da, perfekt som present till v\u00e4nner och familj vid speciella tillf\u00e4llen och h\u00f6gtider.<br \/>\n<strong>Ingredienser:<\/strong> Vetemj\u00f6l, sm\u00f6r, socker, pistagen\u00f6tter, j\u00e4st, blomvatten.<\/p>\n<h3>Pistasch Maamoul Egenskaper:<\/h3>\n<ul>\n<li><strong>Bra smak:<\/strong> En rik och harmonisk kombination av mjuk deg och sesam, vilket g\u00f6r den till ett perfekt val f\u00f6r \u00e4lskare av orientaliska desserter.<\/li>\n<li><strong>Ingredienser av h\u00f6g kvalitet:<\/strong> Vi anv\u00e4nder naturliga ingredienser av h\u00f6g kvalitet.<\/li>\n<li><strong>Fri fr\u00e5n konserveringsmedel:<\/strong> En h\u00e4lsosam produkt f\u00f6r hela familjen, fri fr\u00e5n konserveringsmedel och konstgjorda tillsatser.<\/li>\n<li><strong>Perfekt omslagsdesign:<\/strong> Tilltalande och elegant design, l\u00e4mplig f\u00f6r servering vid evenemang och fester.<\/li>\n<\/ul>\n<h3>F\u00f6rvaringsanvisningar:<\/h3>\n<p>F\u00f6rvaras vid en temperatur under 18\u00b0C och skyddas fr\u00e5n solljus f\u00f6r att bevara kvaliteten.<br \/>\nButiken \u00e4r inte ansvarig f\u00f6r kundens d\u00e5liga f\u00f6rvaring.<\/p>\n<h3>Ytterligare information<\/h3>\n<p>Produkterna \u00e4r fria fr\u00e5n konserveringsmedel, ister, mejeriprodukter och GMO.<br \/>\n<span style=\"color: #ff0000;\"><strong>Tillverkad i Turkiet<\/strong><\/span><\/p>\n<p>&nbsp;<\/p>\n<p>&nbsp;<\/p>\n<p>Boka din best\u00e4llning nu fr\u00e5n Sanabels webbutik och njut av en smakupplevelse som \u00e5terspeglar v\u00e5rt rika arv.<\/p>","protected":false},"excerpt":{"rendered":"<h2>500g<\/h2>\n<p><strong>Pistasch Maamoul-desserter \u00e4r gjorda av de b\u00e4sta ingredienserna av h\u00f6gsta kvalitet - njut av smaken av autentiskt arabiskt arv<\/strong><\/p>","protected":false},"featured_media":39423,"template":"","meta":[],"product_brand":[],"product_cat":[221],"product_tag":[222,252,253,226],"class_list":{"0":"post-39331","1":"product","2":"type-product","3":"status-publish","4":"has-post-thumbnail","6":"product_cat-221","7":"product_tag-222","8":"product_tag-252","9":"product_tag-253","10":"product_tag-226","12":"first","13":"outofstock","14":"taxable","15":"shipping-taxable","16":"purchasable","17":"product-type-simple"},"_links":{"self":[{"href":"https:\/\/senabel.com\/sv\/wp-json\/wp\/v2\/product\/39331","targetHints":{"allow":["GET"]}}],"collection":[{"href":"https:\/\/senabel.com\/sv\/wp-json\/wp\/v2\/product"}],"about":[{"href":"https:\/\/senabel.com\/sv\/wp-json\/wp\/v2\/types\/product"}],"version-history":[{"count":3,"href":"https:\/\/senabel.com\/sv\/wp-json\/wp\/v2\/product\/39331\/revisions"}],"predecessor-version":[{"id":61125,"href":"https:\/\/senabel.com\/sv\/wp-json\/wp\/v2\/product\/39331\/revisions\/61125"}],"wp:featuredmedia":[{"embeddable":true,"href":"https:\/\/senabel.com\/sv\/wp-json\/wp\/v2\/media\/39423"}],"wp:attachment":[{"href":"https:\/\/senabel.com\/sv\/wp-json\/wp\/v2\/media?parent=39331"}],"wp:term":[{"taxonomy":"product_brand","embeddable":true,"href":"https:\/\/senabel.com\/sv\/wp-json\/wp\/v2\/product_brand?post=39331"},{"taxonomy":"product_cat","embeddable":true,"href":"https:\/\/senabel.com\/sv\/wp-json\/wp\/v2\/product_cat?post=39331"},{"taxonomy":"product_tag","embeddable":true,"href":"https:\/\/senabel.com\/sv\/wp-json\/wp\/v2\/product_tag?post=39331"}],"curies":[{"name":"wp","href":"https:\/\/api.w.org\/{rel}","templated":true}]}}