{"id":39329,"date":"2024-11-20T19:30:28","date_gmt":"2024-11-20T19:30:28","guid":{"rendered":"https:\/\/senabel.com\/?post_type=product&#038;p=39329"},"modified":"2026-03-08T08:29:05","modified_gmt":"2026-03-08T08:29:05","slug":"valnotsbakelse-500g","status":"publish","type":"product","link":"https:\/\/senabel.com\/sv\/product\/%d9%85%d8%b9%d9%85%d9%88%d9%84-%d8%a8%d8%a7%d9%84%d8%ac%d9%88%d8%b2-500%d8%ba\/","title":{"rendered":"Valn\u00f6tsbakelse 500g"},"content":{"rendered":"<p>Njut av den karakteristiska smaken av Maamoul Walnut fr\u00e5n Sanabels onlinebutik.<br \/>\nDenna l\u00e4ckra dessert \u00e4r gjord p\u00e5 naturliga och h\u00f6gkvalitativa ingredienser f\u00f6r att skapa en aptitretande dessert f\u00f6r alla tillf\u00e4llen och smaker.<\/p>\n<h3>Produktinformation:<\/h3>\n<p><strong>Vikt:<\/strong> 500 g netto<br \/>\n<strong>F\u00f6rpackning:<\/strong> En elegant och vacker l\u00e5da, perfekt som present till v\u00e4nner och familj vid speciella tillf\u00e4llen och h\u00f6gtider.<br \/>\n<strong>Ingredienser:<\/strong> Vetemj\u00f6l, sm\u00f6r, socker, pistagen\u00f6tter, j\u00e4st, valn\u00f6tter<\/p>\n<h3>Inneh\u00e5ller valn\u00f6tter:<\/h3>\n<ul>\n<li><strong>Bra smak:<\/strong> En rik smak som balanseras mellan den mjuka degen och de l\u00e4ckra valn\u00f6tterna, vilket g\u00f6r den till ett perfekt val f\u00f6r \u00e4lskare av orientaliska desserter<\/li>\n<li><strong>Ingredienser av h\u00f6g kvalitet:<\/strong> Vi anv\u00e4nder naturliga ingredienser av h\u00f6g kvalitet, t.ex. mj\u00f6l, socker, sm\u00f6r, f\u00e4rska valn\u00f6tter och pistagen\u00f6tter.<\/li>\n<li><strong>Perfekt omslagsdesign:<\/strong> Tilltalande och elegant design, l\u00e4mplig f\u00f6r servering vid evenemang och fester.<\/li>\n<\/ul>\n<h3>F\u00f6rvaringsanvisningar:<\/h3>\n<p>F\u00f6rvaras vid en temperatur under 18\u00b0C och skyddas fr\u00e5n solljus f\u00f6r att bevara kvaliteten.<br \/>\nButiken \u00e4r inte ansvarig f\u00f6r kundens d\u00e5liga f\u00f6rvaring.<\/p>\n<h3>Ytterligare information<\/h3>\n<p>Produkterna \u00e4r fria fr\u00e5n konserveringsmedel, ister, mejeriprodukter och GMO.<br \/>\n<span style=\"color: #ff0000;\"><strong>Tillverkad i Turkiet<\/strong><\/span><\/p>\n<p>&nbsp;<\/p>\n<p>Missa inte chansen att prova Sanabel's Walnut Maamoul.<br \/>\nBoka din best\u00e4llning nu fr\u00e5n Sanabels webbutik och njut av den uts\u00f6kta smaken av Maamoul med valn\u00f6tter.<\/p>","protected":false},"excerpt":{"rendered":"<h2>500g<\/h2>\n<p><strong>Maamoul Walnut Sweets \u00e4r tillverkade av ingredienser av b\u00e4sta kvalitet - njut av smaken av autentiskt arabiskt arv<\/strong><\/p>","protected":false},"featured_media":39371,"template":"","meta":[],"product_brand":[],"product_cat":[220,221],"product_tag":[222,223,226,228,229,230],"class_list":{"0":"post-39329","1":"product","2":"type-product","3":"status-publish","4":"has-post-thumbnail","6":"product_cat-220","7":"product_cat-221","8":"product_tag-222","9":"product_tag-223","10":"product_tag-226","11":"product_tag-228","12":"product_tag-229","13":"product_tag-230","15":"first","16":"outofstock","17":"taxable","18":"shipping-taxable","19":"purchasable","20":"product-type-simple"},"_links":{"self":[{"href":"https:\/\/senabel.com\/sv\/wp-json\/wp\/v2\/product\/39329","targetHints":{"allow":["GET"]}}],"collection":[{"href":"https:\/\/senabel.com\/sv\/wp-json\/wp\/v2\/product"}],"about":[{"href":"https:\/\/senabel.com\/sv\/wp-json\/wp\/v2\/types\/product"}],"version-history":[{"count":2,"href":"https:\/\/senabel.com\/sv\/wp-json\/wp\/v2\/product\/39329\/revisions"}],"predecessor-version":[{"id":48314,"href":"https:\/\/senabel.com\/sv\/wp-json\/wp\/v2\/product\/39329\/revisions\/48314"}],"wp:featuredmedia":[{"embeddable":true,"href":"https:\/\/senabel.com\/sv\/wp-json\/wp\/v2\/media\/39371"}],"wp:attachment":[{"href":"https:\/\/senabel.com\/sv\/wp-json\/wp\/v2\/media?parent=39329"}],"wp:term":[{"taxonomy":"product_brand","embeddable":true,"href":"https:\/\/senabel.com\/sv\/wp-json\/wp\/v2\/product_brand?post=39329"},{"taxonomy":"product_cat","embeddable":true,"href":"https:\/\/senabel.com\/sv\/wp-json\/wp\/v2\/product_cat?post=39329"},{"taxonomy":"product_tag","embeddable":true,"href":"https:\/\/senabel.com\/sv\/wp-json\/wp\/v2\/product_tag?post=39329"}],"curies":[{"name":"wp","href":"https:\/\/api.w.org\/{rel}","templated":true}]}}