{"id":39328,"date":"2024-11-20T19:30:28","date_gmt":"2024-11-20T19:30:28","guid":{"rendered":"https:\/\/senabel.com\/?post_type=product&#038;p=39328"},"modified":"2026-03-04T13:12:35","modified_gmt":"2026-03-04T13:12:35","slug":"ghariba-500-g","status":"publish","type":"product","link":"https:\/\/senabel.com\/sv\/product\/%d8%ba%d8%b1%d9%8a%d8%a8%d8%a9-500-%d8%ba\/","title":{"rendered":"Ghariba 500 g"},"content":{"rendered":"<p>Njut av smaken av exotiska s\u00f6tsaker fr\u00e5n Sanabels onlinebutik.<br \/>\nDenna l\u00e4ckra dessert \u00e4r gjord p\u00e5 naturliga och h\u00f6gkvalitativa ingredienser f\u00f6r en unik upplevelse som passar alla tillf\u00e4llen och smaker.<\/p>\n<h3>Produktinformation:<\/h3>\n<p><strong>Vikt:<\/strong> 500 g netto<br \/>\n<strong>F\u00f6rpackning:<\/strong> En elegant och vacker l\u00e5da, perfekt som present till v\u00e4nner och familj vid speciella tillf\u00e4llen och h\u00f6gtider.<br \/>\n<strong>Ingredienser:<\/strong> Vetemj\u00f6l, sm\u00f6r, socker, pistagen\u00f6tter, j\u00e4st.<\/p>\n<h3>Exotiska egenskaper:<\/h3>\n<ul>\n<li><strong>Bra smak:<\/strong> Den rika och harmoniska smaken g\u00f6r shortbread till ett perfekt val f\u00f6r alla som \u00e4lskar orientaliska desserter.<\/li>\n<li><strong>Ingredienser av h\u00f6g kvalitet:<\/strong> Vi anv\u00e4nder naturliga ingredienser av h\u00f6g kvalitet.<\/li>\n<li><strong>Perfekt omslagsdesign:<\/strong> Tilltalande och elegant design, l\u00e4mplig f\u00f6r servering vid evenemang och fester.<\/li>\n<\/ul>\n<h3>F\u00f6rvaringsanvisningar:<\/h3>\n<p>F\u00f6rvaras vid en temperatur under 18\u00b0C och skyddas fr\u00e5n solljus f\u00f6r att bevara kvaliteten.<br \/>\nButiken \u00e4r inte ansvarig f\u00f6r kundens d\u00e5liga f\u00f6rvaring.<\/p>\n<h3>Ytterligare information<\/h3>\n<p>Produkterna \u00e4r fria fr\u00e5n konserveringsmedel, ister, mejeriprodukter och GMO.<br \/>\n<span style=\"color: #ff0000;\"><strong>Tillverkad i Turkiet<\/strong><\/span><\/p>\n<p>&nbsp;<\/p>\n<p>Boka din best\u00e4llning nu fr\u00e5n Sanabels webbutik och njut av en of\u00f6rgl\u00f6mlig gastronomisk upplevelse som \u00e5terspeglar v\u00e5rt rika arv.<\/p>","protected":false},"excerpt":{"rendered":"<h2>500g<\/h2>\n<p><strong>L\u00e4ckra shortbread-desserter \u00e4r gjorda av de b\u00e4sta ingredienserna av h\u00f6gsta kvalitet - njut av smaken av autentiskt arabiskt arv<\/strong><\/p>","protected":false},"featured_media":39365,"template":"","meta":[],"product_brand":[],"product_cat":[220,221],"product_tag":[222,223,224,225,226],"class_list":{"0":"post-39328","1":"product","2":"type-product","3":"status-publish","4":"has-post-thumbnail","6":"product_cat-220","7":"product_cat-221","8":"product_tag-222","9":"product_tag-223","10":"product_tag-224","11":"product_tag-225","12":"product_tag-226","14":"first","15":"outofstock","16":"taxable","17":"shipping-taxable","18":"purchasable","19":"product-type-simple"},"_links":{"self":[{"href":"https:\/\/senabel.com\/sv\/wp-json\/wp\/v2\/product\/39328","targetHints":{"allow":["GET"]}}],"collection":[{"href":"https:\/\/senabel.com\/sv\/wp-json\/wp\/v2\/product"}],"about":[{"href":"https:\/\/senabel.com\/sv\/wp-json\/wp\/v2\/types\/product"}],"version-history":[{"count":3,"href":"https:\/\/senabel.com\/sv\/wp-json\/wp\/v2\/product\/39328\/revisions"}],"predecessor-version":[{"id":61163,"href":"https:\/\/senabel.com\/sv\/wp-json\/wp\/v2\/product\/39328\/revisions\/61163"}],"wp:featuredmedia":[{"embeddable":true,"href":"https:\/\/senabel.com\/sv\/wp-json\/wp\/v2\/media\/39365"}],"wp:attachment":[{"href":"https:\/\/senabel.com\/sv\/wp-json\/wp\/v2\/media?parent=39328"}],"wp:term":[{"taxonomy":"product_brand","embeddable":true,"href":"https:\/\/senabel.com\/sv\/wp-json\/wp\/v2\/product_brand?post=39328"},{"taxonomy":"product_cat","embeddable":true,"href":"https:\/\/senabel.com\/sv\/wp-json\/wp\/v2\/product_cat?post=39328"},{"taxonomy":"product_tag","embeddable":true,"href":"https:\/\/senabel.com\/sv\/wp-json\/wp\/v2\/product_tag?post=39328"}],"curies":[{"name":"wp","href":"https:\/\/api.w.org\/{rel}","templated":true}]}}