{"id":15695,"date":"2024-11-20T17:18:34","date_gmt":"2024-11-20T17:18:34","guid":{"rendered":"https:\/\/senabel.com\/?page_id=15695"},"modified":"2024-11-20T17:20:39","modified_gmt":"2024-11-20T17:20:39","slug":"betalningspolicy","status":"publish","type":"page","link":"https:\/\/senabel.com\/sv\/%d8%b3%d9%8a%d8%a7%d8%b3%d8%a9-%d8%a7%d9%84%d8%af%d9%81%d8%b9\/","title":{"rendered":"Betalningspolicy"},"content":{"rendered":"<div data-elementor-type=\"wp-page\" data-elementor-id=\"15695\" class=\"elementor elementor-15695\">\n\t\t\t\t<div class=\"wd-negative-gap elementor-element elementor-element-cb17694 e-flex e-con-boxed e-con e-parent\" data-id=\"cb17694\" data-element_type=\"container\">\n\t\t\t\t\t<div class=\"e-con-inner\">\n\t\t\t\t<div class=\"elementor-element elementor-element-eaf9bfc elementor-widget elementor-widget-heading\" data-id=\"eaf9bfc\" data-element_type=\"widget\" data-widget_type=\"heading.default\">\n\t\t\t\t<div class=\"elementor-widget-container\">\n\t\t\t\t\t<h2 class=\"elementor-heading-title elementor-size-default\">Sanabel Online Store ... Vi \u00e4r glada att kunna betj\u00e4na dig<\/h2>\t\t\t\t<\/div>\n\t\t\t\t<\/div>\n\t\t\t\t\t<\/div>\n\t\t\t\t<\/div>\n\t\t<div class=\"wd-negative-gap elementor-element elementor-element-827e8a3 e-flex e-con-boxed e-con e-parent\" data-id=\"827e8a3\" data-element_type=\"container\">\n\t\t\t\t\t<div class=\"e-con-inner\">\n\t\t\t\t<div class=\"elementor-element elementor-element-89d291c elementor-widget elementor-widget-wd_text_block\" data-id=\"89d291c\" data-element_type=\"widget\" data-widget_type=\"wd_text_block.default\">\n\t\t\t\t<div class=\"elementor-widget-container\">\n\t\t\t\t\t\t\t<div class=\"wd-text-block reset-last-child text-left\">\n\t\t\t\n\t\t\t<p style=\"text-align: right;\">P\u00e5 Snapple \u00e4r vi medvetna om att betalningspolicyn \u00e4r en viktig del av shoppingupplevelsen p\u00e5 n\u00e4tet. D\u00e4rf\u00f6r str\u00e4var vi efter att tillhandah\u00e5lla s\u00e4kra och bekv\u00e4ma betalningsmetoder f\u00f6r v\u00e5ra kunder.<\/p><p style=\"text-align: right;\"><strong>1.5 Betalningsmetoder<\/strong><br \/>Vi tar emot betalningar online med kreditkort, PayPal, Swish och Klarna.<\/p><p style=\"text-align: right;\"><strong>2.5 S\u00e4kerhet och integritet<\/strong><br \/>Vi hanterar dina betalningsuppgifter p\u00e5 ett s\u00e4kert och konfidentiellt s\u00e4tt.<br \/>All finansiell information hanteras p\u00e5 ett s\u00e4kert s\u00e4tt i enlighet med svenska handelsnormer och europeiska regler och lagar. Vi lagrar inte n\u00e5gon k\u00e4nslig finansiell information, s\u00e5som kreditkortsnummer, p\u00e5 v\u00e5ra servrar.<\/p><p style=\"text-align: right;\"><strong>3.5 Bekr\u00e4ftelse av betalning<\/strong><br \/>N\u00e4r du har slutf\u00f6rt betalningsprocessen kommer du att f\u00e5 ett bekr\u00e4ftelsemeddelande med dina best\u00e4llningsuppgifter.<br \/>Om du upplever n\u00e5gra problem med din betalningsbekr\u00e4ftelse eller inte f\u00e5r ett bekr\u00e4ftelsemeddelande inom rimlig tid, v\u00e4nligen kontakta oss via v\u00e5r e-postadress.<\/p><p style=\"text-align: right;\"><strong>4.5 \u00c5terbetalningar och avbest\u00e4llningar<\/strong><br \/>Kunder kan avbest\u00e4lla best\u00e4llningar inom 3 timmar efter att de har slutf\u00f6rts och f\u00e5r d\u00e5 full \u00e5terbetalning.<br \/>Kontakta oss f\u00f6r avbest\u00e4llning och \u00e5terbetalning under kontorstid.<\/p><p style=\"text-align: right;\">Vi str\u00e4var efter att tillhandah\u00e5lla en s\u00e4ker och tillf\u00f6rlitlig betalningstj\u00e4nst till v\u00e5ra kunder. Om du har n\u00e5gra fr\u00e5gor eller funderingar om v\u00e5r betalningspolicy, v\u00e4nligen kontakta v\u00e5r kundtj\u00e4nst via e-postadressen p\u00e5 v\u00e5r webbplats.<\/p>\n\t\t\t\t\t<\/div>\n\t\t\t\t\t\t<\/div>\n\t\t\t\t<\/div>\n\t\t\t\t\t<\/div>\n\t\t\t\t<\/div>\n\t\t\t\t<\/div>","protected":false},"excerpt":{"rendered":"<p>\u0645\u062a\u062c\u0631 \u0633\u0646\u0627\u0628\u0644 \u0627\u0644\u0625\u0644\u0643\u062a\u0631\u0648\u0646\u064a \u2026 \u0646\u0633\u0639\u062f \u0628\u062e\u062f\u0645\u062a\u0643\u0645 \u0641\u064a \u0645\u062a\u062c\u0631 \u0633\u0646\u0627\u0628\u0644\u060c \u0646\u062f\u0631\u0643 \u0623\u0646 \u0633\u064a\u0627\u0633\u0629 \u0627\u0644\u062f\u0641\u0639 \u0647\u064a \u062c\u0632\u0621 \u0647\u0627\u0645 \u0645\u0646 \u062a\u062c\u0631\u0628\u0629 \u0627\u0644\u062a\u0633\u0648\u0642 \u0627\u0644\u0625\u0644\u0643\u062a\u0631\u0648\u0646\u064a.<\/p>","protected":false},"author":1,"featured_media":0,"parent":0,"menu_order":0,"comment_status":"closed","ping_status":"closed","template":"","meta":{"footnotes":""},"class_list":["post-15695","page","type-page","status-publish","hentry"],"_links":{"self":[{"href":"https:\/\/senabel.com\/sv\/wp-json\/wp\/v2\/pages\/15695","targetHints":{"allow":["GET"]}}],"collection":[{"href":"https:\/\/senabel.com\/sv\/wp-json\/wp\/v2\/pages"}],"about":[{"href":"https:\/\/senabel.com\/sv\/wp-json\/wp\/v2\/types\/page"}],"author":[{"embeddable":true,"href":"https:\/\/senabel.com\/sv\/wp-json\/wp\/v2\/users\/1"}],"replies":[{"embeddable":true,"href":"https:\/\/senabel.com\/sv\/wp-json\/wp\/v2\/comments?post=15695"}],"version-history":[{"count":4,"href":"https:\/\/senabel.com\/sv\/wp-json\/wp\/v2\/pages\/15695\/revisions"}],"predecessor-version":[{"id":15699,"href":"https:\/\/senabel.com\/sv\/wp-json\/wp\/v2\/pages\/15695\/revisions\/15699"}],"wp:attachment":[{"href":"https:\/\/senabel.com\/sv\/wp-json\/wp\/v2\/media?parent=15695"}],"curies":[{"name":"wp","href":"https:\/\/api.w.org\/{rel}","templated":true}]}}