{"id":15687,"date":"2024-11-20T17:14:06","date_gmt":"2024-11-20T17:14:06","guid":{"rendered":"https:\/\/senabel.com\/?page_id=15687"},"modified":"2026-02-24T22:02:47","modified_gmt":"2026-02-24T22:02:47","slug":"frakt-och-leveranspolicy","status":"publish","type":"page","link":"https:\/\/senabel.com\/sv\/%d8%b3%d9%8a%d8%a7%d8%b3%d8%a9-%d8%a7%d9%84%d8%b4%d8%ad%d9%86-%d9%88-%d8%a7%d9%84%d8%aa%d9%88%d8%b5%d9%8a%d9%84\/","title":{"rendered":"Frakt och leveranspolicy"},"content":{"rendered":"<div data-elementor-type=\"wp-page\" data-elementor-id=\"15687\" class=\"elementor elementor-15687\">\n\t\t\t\t<div class=\"wd-negative-gap elementor-element elementor-element-b050d9d e-flex e-con-boxed e-con e-parent\" data-id=\"b050d9d\" data-element_type=\"container\">\n\t\t\t\t\t<div class=\"e-con-inner\">\n\t\t\t\t<div class=\"elementor-element elementor-element-0072a83 elementor-widget elementor-widget-heading\" data-id=\"0072a83\" data-element_type=\"widget\" data-widget_type=\"heading.default\">\n\t\t\t\t<div class=\"elementor-widget-container\">\n\t\t\t\t\t<h2 class=\"elementor-heading-title elementor-size-default\">Sanabel Online Store ... Vi \u00e4r glada att kunna betj\u00e4na dig<\/h2>\t\t\t\t<\/div>\n\t\t\t\t<\/div>\n\t\t\t\t\t<\/div>\n\t\t\t\t<\/div>\n\t\t<div class=\"wd-negative-gap elementor-element elementor-element-aa1e5d0 e-flex e-con-boxed e-con e-parent\" data-id=\"aa1e5d0\" data-element_type=\"container\">\n\t\t\t\t\t<div class=\"e-con-inner\">\n\t\t\t\t<div class=\"elementor-element elementor-element-8a0b4af elementor-widget elementor-widget-wd_text_block\" data-id=\"8a0b4af\" data-element_type=\"widget\" data-widget_type=\"wd_text_block.default\">\n\t\t\t\t<div class=\"elementor-widget-container\">\n\t\t\t\t\t\t\t<div class=\"wd-text-block reset-last-child text-left\">\n\t\t\t\n\t\t\t<h2 style=\"text-align: right;\" data-start=\"139\" data-end=\"161\">1. Frakt och leverans<\/h2><p style=\"text-align: right;\" data-start=\"163\" data-end=\"363\">Vi \u00e4r angel\u00e4gna om <strong data-start=\"171\" data-end=\"180\">Snapple<\/strong> F\u00f6r att ge en tydlig och r\u00e4ttvis shoppingupplevelse baseras v\u00e5r leveranspolicy p\u00e5 <strong data-start=\"249\" data-end=\"270\">Viktning av efterfr\u00e5gan och destination<\/strong>f\u00f6r att s\u00e4kerst\u00e4lla b\u00e4sta m\u00f6jliga service inom Sverige och EU, med undantag f\u00f6r <strong data-start=\"343\" data-end=\"362\">Schweiz och Norge<\/strong>.<\/p><h3 style=\"text-align: right;\" data-start=\"365\" data-end=\"382\">Orderhantering<\/h3><ul style=\"text-align: right;\" data-start=\"383\" data-end=\"555\"><li data-start=\"383\" data-end=\"467\"><p data-start=\"385\" data-end=\"467\">Bekr\u00e4ftade best\u00e4llningar <strong data-start=\"410\" data-end=\"436\">F\u00f6re kl. 12.00<\/strong> Behandling samma dag<\/p><\/li><li data-start=\"468\" data-end=\"555\"><p data-start=\"470\" data-end=\"555\">Bekr\u00e4ftade best\u00e4llningar <strong data-start=\"495\" data-end=\"521\">Efter kl. 12.00<\/strong> Behandlas n\u00e4sta arbetsdag<\/p><\/li><\/ul><h2 style=\"text-align: right;\" data-start=\"562\" data-end=\"589\">2. Leveranstid och kostnader<\/h2><h3 style=\"text-align: right;\" data-start=\"591\" data-end=\"619\">F\u00f6rst och fr\u00e4mst: Frakt inom Sverige<\/h3><ul style=\"text-align: right;\" data-start=\"620\" data-end=\"844\"><li data-start=\"620\" data-end=\"660\"><p data-start=\"622\" data-end=\"660\"><strong data-start=\"622\" data-end=\"638\">Leveranstid:<\/strong> 1 till 3 arbetsdagar<\/p><\/li><li data-start=\"661\" data-end=\"789\"><p data-start=\"663\" data-end=\"689\"><strong data-start=\"663\" data-end=\"689\">Fraktkostnad efter vikt:<\/strong><\/p><ul data-start=\"692\" data-end=\"789\"><li data-start=\"692\" data-end=\"719\"><p data-start=\"694\" data-end=\"719\">\u062d\u062a\u0649 3 \u0643\u063a: 77 \u0643\u0631\u0648\u0646 \u0633\u0648\u064a\u062f\u064a<\/p><\/li><li data-start=\"722\" data-end=\"754\"><p data-start=\"724\" data-end=\"754\">Fr\u00e5n 3 till 7 kg: 89 SEK<\/p><\/li><li data-start=\"757\" data-end=\"789\"><p data-start=\"759\" data-end=\"789\">Mer \u00e4n 7 kg: 109 SEK<\/p><\/li><\/ul><\/li><li data-start=\"790\" data-end=\"844\"><p data-start=\"792\" data-end=\"844\"><strong data-start=\"792\" data-end=\"805\">Fri frakt<\/strong> F\u00f6r best\u00e4llningar \u00f6verstigande <strong data-start=\"826\" data-end=\"844\">899 KRONOR<\/strong><\/p><\/li><\/ul><h3 style=\"text-align: right;\" data-start=\"851\" data-end=\"894\">F\u00f6r det andra: Frakt inom EU<\/h3><ul style=\"text-align: right;\" data-start=\"895\" data-end=\"977\"><li data-start=\"895\" data-end=\"935\"><p data-start=\"897\" data-end=\"935\"><strong data-start=\"897\" data-end=\"913\">Leveranstid:<\/strong> 3 till 7 arbetsdagar<\/p><\/li><li data-start=\"936\" data-end=\"977\"><p data-start=\"938\" data-end=\"977\"><strong data-start=\"938\" data-end=\"958\">Exkluderade l\u00e4nder:<\/strong> Schweiz - Norge<\/p><\/li><\/ul><h4 style=\"text-align: right;\" data-start=\"979\" data-end=\"1002\">Zon A - N\u00e4rliggande l\u00e4nder<\/h4><p style=\"text-align: right;\" data-start=\"1003\" data-end=\"1049\">Danmark, Tyskland, Nederl\u00e4nderna, Belgien, Luxemburg<\/p><ul style=\"text-align: right;\" data-start=\"1050\" data-end=\"1117\"><li data-start=\"1050\" data-end=\"1074\"><p data-start=\"1052\" data-end=\"1074\">Fraktkostnad: \u20ac19<\/p><\/li><li data-start=\"1075\" data-end=\"1117\"><p data-start=\"1077\" data-end=\"1117\">Fri frakt f\u00f6r best\u00e4llningar \u00f6ver \u20ac169<\/p><\/li><\/ul><h4 style=\"text-align: right;\" data-start=\"1119\" data-end=\"1143\">Zon B - Medelstora l\u00e4nder<\/h4><p style=\"text-align: right;\" data-start=\"1144\" data-end=\"1213\">Frankrike, Italien, Spanien, \u00d6sterrike, Polen, Tjeckien, Slovakien, Slovenien<\/p><ul style=\"text-align: right;\" data-start=\"1214\" data-end=\"1281\"><li data-start=\"1214\" data-end=\"1238\"><p data-start=\"1216\" data-end=\"1238\">Fraktkostnad: \u20ac24<\/p><\/li><li data-start=\"1239\" data-end=\"1281\"><p data-start=\"1241\" data-end=\"1281\">Fri frakt f\u00f6r best\u00e4llningar \u00f6ver \u20ac199<\/p><\/li><\/ul><h4 style=\"text-align: right;\" data-start=\"1283\" data-end=\"1306\">Zon C - L\u00e4nder l\u00e5ngt borta<\/h4><p style=\"text-align: right;\" data-start=\"1307\" data-end=\"1417\">Finland, Portugal, Estland, Lettland, Litauen, Ungern, Rum\u00e4nien, Bulgarien, Bulgarien, Kroatien, Grekland, Irland, Malta, Cypern<\/p><ul style=\"text-align: right;\" data-start=\"1418\" data-end=\"1466\"><li data-start=\"1418\" data-end=\"1442\"><p data-start=\"1420\" data-end=\"1442\">Fraktkostnad: \u20ac29<\/p><\/li><li data-start=\"1443\" data-end=\"1466\"><p data-start=\"1445\" data-end=\"1466\">\u0634\u062d\u0646 \u0645\u062c\u0627\u0646\u064a \u0644\u0644\u0637\u0644\u0628\u0627\u062a \u0627\u0644\u062a\u064a \u062a\u062a\u062c\u0627\u0648\u0632 249 \u064a\u0648\u0631\u0648 \u0627\u0648 \u0645\u0627\u064a\u0639\u0627\u062f\u0644\u0647\u0627 \u0628\u0639\u0645\u0644\u062a\u0643.<\/p><\/li><\/ul><h2 style=\"text-align: right;\" data-start=\"1473\" data-end=\"1508\">3. Frakt under helgdagar och s\u00e4songer<\/h2><p style=\"text-align: right;\" data-start=\"1509\" data-end=\"1673\">Under perioder med h\u00f6gt tryck, t.ex. helgdagar och evenemang, kan orderhanteringen f\u00f6rsenas med 1-2 dagar.<br data-start=\"1588\" data-end=\"1591\" \/>Laddningstiden under dessa perioder varierar fr\u00e5n <strong data-start=\"1629\" data-end=\"1649\">2 till 6 arbetsdagar<\/strong> Beroende p\u00e5 land och rederi.<\/p><h2 style=\"text-align: right;\" data-start=\"1680\" data-end=\"1705\">4. Bristande mottagande av f\u00f6rs\u00e4ndelse<\/h2><p style=\"text-align: right;\" data-start=\"1706\" data-end=\"1750\">Om kunden inte tar emot best\u00e4llningen av personliga sk\u00e4l:<\/p><ul style=\"text-align: right;\" data-start=\"1751\" data-end=\"1890\"><li data-start=\"1751\" data-end=\"1817\"><p data-start=\"1753\" data-end=\"1817\">\u00c5terbetalning sker efter avdrag f\u00f6r den faktiska fraktkostnaden per vikt och destination<\/p><\/li><li data-start=\"1818\" data-end=\"1890\"><p data-start=\"1820\" data-end=\"1890\">S\u00e4ndningen stannar kvar p\u00e5 upph\u00e4mtningsst\u00e4llet under en viss tid <strong data-start=\"1854\" data-end=\"1865\">10 dagar<\/strong> innan den \u00e5terg\u00e5r till k\u00e4llan<\/p><\/li><\/ul><h2 style=\"text-align: right;\" data-start=\"1897\" data-end=\"1917\">5. Allm\u00e4nna anteckningar<\/h2><ul style=\"text-align: right;\" data-start=\"1918\" data-end=\"2130\"><li data-start=\"1918\" data-end=\"1965\"><p data-start=\"1920\" data-end=\"1965\">Alla fraktpriser inkluderar <strong data-start=\"1942\" data-end=\"1963\">F\u00f6rpackning och hantering<\/strong><\/p><\/li><li data-start=\"1966\" data-end=\"2033\"><p data-start=\"1968\" data-end=\"2033\">De leveranstider som anges \u00e4r <strong data-start=\"1995\" data-end=\"2006\">Diskretion\u00e4r<\/strong> Den b\u00f6rjar l\u00f6pa fr\u00e5n tidpunkten f\u00f6r orderbekr\u00e4ftelsen<\/p><\/li><li data-start=\"2034\" data-end=\"2073\"><p data-start=\"2036\" data-end=\"2073\">Leveranstiden kan variera under perioder av stress<\/p><\/li><li data-start=\"2074\" data-end=\"2130\"><p data-start=\"2076\" data-end=\"2130\">Sanabel ansvarar inte f\u00f6r eventuella f\u00f6rseningar som orsakas av fraktbolag<\/p><\/li><\/ul><h2 style=\"text-align: right;\" data-start=\"2137\" data-end=\"2156\">6. Sp\u00e5ra f\u00f6rs\u00e4ndelsen<\/h2><p style=\"text-align: right;\" data-start=\"2157\" data-end=\"2228\">Efter att ordern har behandlats och konossementet har skrivits ut skickas ett e-postmeddelande som inneh\u00e5ller:<\/p><ul style=\"text-align: right;\" data-start=\"2229\" data-end=\"2281\"><li data-start=\"2229\" data-end=\"2246\"><p data-start=\"2231\" data-end=\"2246\">Leveransinformation<\/p><\/li><li data-start=\"2247\" data-end=\"2261\"><p data-start=\"2249\" data-end=\"2261\">Sp\u00e5rningsnummer<\/p><\/li><li data-start=\"2262\" data-end=\"2281\"><p data-start=\"2264\" data-end=\"2281\">Direkt sp\u00e5rningsl\u00e4nk<\/p><\/li><\/ul><h2 style=\"text-align: right;\" data-start=\"2288\" data-end=\"2321\">7. F\u00f6rfr\u00e5gningar och kundservice<\/h2><p style=\"text-align: right;\" data-start=\"2322\" data-end=\"2379\">F\u00f6r fr\u00e5gor om din best\u00e4llning eller leverans, v\u00e4nligen kontakta oss p\u00e5<\/p><ul style=\"text-align: right;\" data-start=\"2381\" data-end=\"2481\"><li data-start=\"2381\" data-end=\"2424\"><p data-start=\"2383\" data-end=\"2424\">E-post: <strong data-start=\"2402\" data-end=\"2422\"><a class=\"decorated-link cursor-pointer\" rel=\"noopener\" data-start=\"2404\" data-end=\"2420\">info@senabel.com<\/a><\/strong><\/p><\/li><li data-start=\"2425\" data-end=\"2481\"><p data-start=\"2427\" data-end=\"2481\">WhatsApp Kundtj\u00e4nst:<br data-start=\"2447\" data-end=\"2450\" \/><strong data-start=\"2452\" data-end=\"2481\"><a class=\"decorated-link cursor-pointer\" target=\"_new\" rel=\"noopener\" data-start=\"2454\" data-end=\"2479\">https:\/\/wa.me\/46702533597<\/a><\/strong><\/p><\/li><\/ul><h3 style=\"text-align: right;\" data-start=\"2483\" data-end=\"2499\">Arbetstid<\/h3><ul style=\"text-align: right;\" data-start=\"2500\" data-end=\"2564\"><li data-start=\"2500\" data-end=\"2525\"><p data-start=\"2502\" data-end=\"2525\">M\u00e5ndag till fredag<\/p><\/li><li data-start=\"2526\" data-end=\"2564\"><p data-start=\"2528\" data-end=\"2564\">L\u00f6rdagar, s\u00f6ndagar och allm\u00e4nna helgdagar \u00e4r lediga<\/p><\/li><\/ul><h2 style=\"text-align: right;\" data-start=\"2571\" data-end=\"2589\">8. Rederiet<\/h2><p style=\"text-align: right;\" data-start=\"2590\" data-end=\"2652\">Best\u00e4llningar skickas inom Sverige och EU-l\u00e4nder via <strong data-start=\"2644\" data-end=\"2651\">DHL<\/strong>.<\/p><h2 style=\"text-align: right;\" data-start=\"2659\" data-end=\"2680\">9. Produktgaranti<\/h2><ul style=\"text-align: right;\" data-start=\"2681\" data-end=\"2887\"><li data-start=\"2681\" data-end=\"2726\"><p data-start=\"2683\" data-end=\"2726\">Eventuella skador som orsakas av frakt m\u00e5ste anm\u00e4las omedelbart<\/p><\/li><li data-start=\"2727\" data-end=\"2761\"><p data-start=\"2729\" data-end=\"2761\">Vi ser till att dina produkter kommer fram i perfekt skick<\/p><\/li><li data-start=\"2762\" data-end=\"2887\"><p data-start=\"2764\" data-end=\"2792\">Om en felaktig produkt skickas:<\/p><ul data-start=\"2795\" data-end=\"2887\"><li data-start=\"2795\" data-end=\"2838\"><p data-start=\"2797\" data-end=\"2838\">V\u00e4nligen kontakta oss via e-post<\/p><\/li><li data-start=\"2841\" data-end=\"2887\"><p data-start=\"2843\" data-end=\"2887\">Vi tar fullt ansvar f\u00f6r kostnaden f\u00f6r felet om det beror p\u00e5 oss.<\/p><\/li><\/ul><\/li><\/ul><h2 style=\"text-align: right;\" data-start=\"2894\" data-end=\"2914\">10. \u00c5terladdning<\/h2><ul data-start=\"2915\" data-end=\"3098\"><li style=\"text-align: right;\" data-start=\"2915\" data-end=\"2970\"><p data-start=\"2917\" data-end=\"2970\">Best\u00e4llningen levereras till n\u00e4rmaste utl\u00e4mningsst\u00e4lle i f\u00f6rh\u00e5llande till den registrerade adressen<\/p><\/li><li style=\"text-align: right;\" data-start=\"2971\" data-end=\"3042\"><p data-start=\"2973\" data-end=\"3042\">Om ans\u00f6kan inte inkommer inom en vecka fr\u00e5n mottagandet kommer den att skickas tillbaka till k\u00e4llan<\/p><\/li><li data-start=\"3043\" data-end=\"3098\"><p style=\"text-align: right;\" data-start=\"3045\" data-end=\"3098\">Sanabel Store ansvarar inte f\u00f6r n\u00e5gra kostnader till f\u00f6ljd av utebliven leverans<\/p><\/li><\/ul>\n\t\t\t\t\t<\/div>\n\t\t\t\t\t\t<\/div>\n\t\t\t\t<\/div>\n\t\t\t\t\t<\/div>\n\t\t\t\t<\/div>\n\t\t\t\t<\/div>","protected":false},"excerpt":{"rendered":"<p>\u0645\u062a\u062c\u0631 \u0633\u0646\u0627\u0628\u0644 \u0627\u0644\u0627\u0644\u0643\u062a\u0631\u0648\u0646\u064a \u2026 \u0646\u0633\u0639\u062f \u0628\u062e\u062f\u0645\u062a\u0643\u0645 1. \u0627\u0644\u0634\u062d\u0646 \u0648\u0627\u0644\u062a\u0648\u0635\u064a\u0644 \u0646\u062d\u0631\u0635 \u0641\u064a \u0633\u0646\u0627\u0628\u0644 \u0639\u0644\u0649 \u062a\u0642\u062f\u064a\u0645 \u062a\u062c\u0631\u0628\u0629 \u062a\u0633\u0648\u0642 \u0648\u0627\u0636\u062d\u0629 \u0648\u0639\u0627\u062f\u0644\u0629\u060c \u0644\u0630\u0644\u0643 \u062a\u0639\u062a\u0645\u062f<\/p>","protected":false},"author":1,"featured_media":0,"parent":0,"menu_order":0,"comment_status":"closed","ping_status":"closed","template":"","meta":{"footnotes":""},"class_list":["post-15687","page","type-page","status-publish","hentry"],"_links":{"self":[{"href":"https:\/\/senabel.com\/sv\/wp-json\/wp\/v2\/pages\/15687","targetHints":{"allow":["GET"]}}],"collection":[{"href":"https:\/\/senabel.com\/sv\/wp-json\/wp\/v2\/pages"}],"about":[{"href":"https:\/\/senabel.com\/sv\/wp-json\/wp\/v2\/types\/page"}],"author":[{"embeddable":true,"href":"https:\/\/senabel.com\/sv\/wp-json\/wp\/v2\/users\/1"}],"replies":[{"embeddable":true,"href":"https:\/\/senabel.com\/sv\/wp-json\/wp\/v2\/comments?post=15687"}],"version-history":[{"count":19,"href":"https:\/\/senabel.com\/sv\/wp-json\/wp\/v2\/pages\/15687\/revisions"}],"predecessor-version":[{"id":61392,"href":"https:\/\/senabel.com\/sv\/wp-json\/wp\/v2\/pages\/15687\/revisions\/61392"}],"wp:attachment":[{"href":"https:\/\/senabel.com\/sv\/wp-json\/wp\/v2\/media?parent=15687"}],"curies":[{"name":"wp","href":"https:\/\/api.w.org\/{rel}","templated":true}]}}