{"id":15682,"date":"2024-11-20T17:09:00","date_gmt":"2024-11-20T17:09:00","guid":{"rendered":"https:\/\/senabel.com\/?page_id=15682"},"modified":"2024-11-20T17:12:54","modified_gmt":"2024-11-20T17:12:54","slug":"integritetspolicy","status":"publish","type":"page","link":"https:\/\/senabel.com\/sv\/%d8%b3%d9%8a%d8%a7%d8%b3%d8%a9-%d8%a7%d9%84%d8%ae%d8%b5%d9%88%d8%b5%d9%8a%d8%a9\/","title":{"rendered":"Integritetspolicy"},"content":{"rendered":"<div data-elementor-type=\"wp-page\" data-elementor-id=\"15682\" class=\"elementor elementor-15682\">\n\t\t\t\t<div class=\"wd-negative-gap elementor-element elementor-element-648515c e-flex e-con-boxed e-con e-parent\" data-id=\"648515c\" data-element_type=\"container\">\n\t\t\t\t\t<div class=\"e-con-inner\">\n\t\t\t\t<div class=\"elementor-element elementor-element-e995804 elementor-widget elementor-widget-heading\" data-id=\"e995804\" data-element_type=\"widget\" data-widget_type=\"heading.default\">\n\t\t\t\t<div class=\"elementor-widget-container\">\n\t\t\t\t\t<h2 class=\"elementor-heading-title elementor-size-default\">Sanabel Online Store... Vi \u00e4r glada att kunna betj\u00e4na dig<\/h2>\t\t\t\t<\/div>\n\t\t\t\t<\/div>\n\t\t\t\t\t<\/div>\n\t\t\t\t<\/div>\n\t\t<div class=\"wd-negative-gap elementor-element elementor-element-f7993da e-flex e-con-boxed e-con e-parent\" data-id=\"f7993da\" data-element_type=\"container\">\n\t\t\t\t\t<div class=\"e-con-inner\">\n\t\t\t\t<div class=\"elementor-element elementor-element-c732d0c elementor-widget elementor-widget-wd_text_block\" data-id=\"c732d0c\" data-element_type=\"widget\" data-widget_type=\"wd_text_block.default\">\n\t\t\t\t<div class=\"elementor-widget-container\">\n\t\t\t\t\t\t\t<div class=\"wd-text-block reset-last-child text-left\">\n\t\t\t\n\t\t\t<p style=\"text-align: right;\">P\u00e5 Snapple tar vi din integritet p\u00e5 allvar och \u00e4r fast beslutna att skydda dina personuppgifter. Denna policy f\u00f6rklarar hur vi samlar in, anv\u00e4nder och delar din personliga information n\u00e4r du anv\u00e4nder v\u00e5r webbplats.<\/p><p style=\"text-align: right;\">Genom att anv\u00e4nda v\u00e5r webbplats samtycker du till villkoren i denna policy.<\/p><p style=\"text-align: right;\"><strong>Information som vi samlar in fr\u00e5n dig<\/strong><br \/>N\u00e4r du g\u00f6r en best\u00e4llning eller fyller i ett formul\u00e4r p\u00e5 v\u00e5r webbplats:<\/p><ul style=\"text-align: right;\"><li>Den information vi samlar in inkluderar ditt namn, e-postadress, telefonnummer, leverans- och faktureringsadress samt betalningsuppgifter.<\/li><li>Vi samlar ocks\u00e5 in information om de produkter du best\u00e4ller och din surfaktivitet p\u00e5 v\u00e5r webbplats.<\/li><\/ul><p style=\"text-align: right;\"><strong>3.1 Hur din information anv\u00e4nds<\/strong><\/p><ul style=\"text-align: right;\"><li>Vi anv\u00e4nder dina personuppgifter f\u00f6r att behandla dina best\u00e4llningar, kommunicera med dig om dina best\u00e4llningar och v\u00e5ra produkter samt f\u00f6r att f\u00f6rb\u00e4ttra v\u00e5ra tj\u00e4nster och produkter.<\/li><li>Vi anv\u00e4nder ocks\u00e5 din information f\u00f6r att analysera data, identifiera dina intressen och preferenser samt f\u00f6rb\u00e4ttra din shoppingupplevelse.<\/li><\/ul><p style=\"text-align: right;\"><strong>3.2 Informationsutbyte<\/strong><\/p><ul style=\"text-align: right;\"><li>Vi delar inte din personliga information med n\u00e5gon tredje part, f\u00f6rutom i f\u00f6ljande fall:<ol><li>N\u00e4r det \u00e4r n\u00f6dv\u00e4ndigt f\u00f6r att tillhandah\u00e5lla den tj\u00e4nst du beg\u00e4r av oss, t.ex. v\u00e5ra fraktbolag.<\/li><li>N\u00e4r det kr\u00e4vs enligt lag, till exempel f\u00f6r att svara p\u00e5 domstolens beg\u00e4ran.<\/li><\/ol><\/li><\/ul><p style=\"text-align: right;\"><strong>3.3 S\u00e4kerhet<\/strong><\/p><ul style=\"text-align: right;\"><li>Vi v\u00e4rnar om s\u00e4kerheten f\u00f6r dina personuppgifter och vidtar rimliga s\u00e4kerhets\u00e5tg\u00e4rder f\u00f6r att skydda dem fr\u00e5n obeh\u00f6rig \u00e5tkomst, anv\u00e4ndning, utl\u00e4mning, \u00e4ndring eller f\u00f6rst\u00f6relse.<\/li><\/ul><p style=\"text-align: right;\"><strong>4.3 Upphovsr\u00e4tt<\/strong><\/p><ul style=\"text-align: right;\"><li>Alla r\u00e4ttigheter f\u00f6rbeh\u00e5llna.<\/li><li>Du f\u00e5r endast anv\u00e4nda materialet p\u00e5 v\u00e5r webbplats f\u00f6r personligt bruk och f\u00e5r inte kopiera, distribuera, modifiera eller publicera det utan v\u00e5rt f\u00f6reg\u00e5ende tillst\u00e5nd.<\/li><\/ul><p style=\"text-align: right;\"><strong>5.3 R\u00e4tt till tillg\u00e5ng till och kontroll av information<\/strong><\/p><ul style=\"text-align: right;\"><li>Du har r\u00e4tt att f\u00e5 tillg\u00e5ng till, kontrollera, korrigera och radera den personliga information vi har om dig.<\/li><li>Om du vill g\u00f6ra n\u00e5got av detta, v\u00e4nligen kontakta oss via e-postadressen p\u00e5 v\u00e5r webbplats.<\/li><\/ul><p style=\"text-align: right;\"><strong>6.3 F\u00f6r\u00e4ndringar i policy<\/strong><\/p><ul style=\"text-align: right;\"><li>Vi f\u00f6rbeh\u00e5ller oss r\u00e4tten att n\u00e4r som helst \u00e4ndra denna policy.<\/li><li>Kontrollera regelbundet denna sida f\u00f6r eventuella \u00e4ndringar.<\/li><\/ul><p style=\"text-align: right;\"><strong>Om du har n\u00e5gra fr\u00e5gor eller funderingar kring v\u00e5r integritetspolicy, v\u00e4nligen kontakta oss via e-postadressen p\u00e5 v\u00e5r webbplats.<\/strong><\/p>\n\t\t\t\t\t<\/div>\n\t\t\t\t\t\t<\/div>\n\t\t\t\t<\/div>\n\t\t\t\t\t<\/div>\n\t\t\t\t<\/div>\n\t\t\t\t<\/div>","protected":false},"excerpt":{"rendered":"<p>Sanabel Online Store... P\u00e5 Sanabel Online Store tar vi din integritet p\u00e5 allvar och \u00e4r fast beslutna att skydda dina personuppgifter. Denna<\/p>","protected":false},"author":1,"featured_media":0,"parent":0,"menu_order":0,"comment_status":"closed","ping_status":"closed","template":"","meta":{"footnotes":""},"class_list":["post-15682","page","type-page","status-publish","hentry"],"_links":{"self":[{"href":"https:\/\/senabel.com\/sv\/wp-json\/wp\/v2\/pages\/15682","targetHints":{"allow":["GET"]}}],"collection":[{"href":"https:\/\/senabel.com\/sv\/wp-json\/wp\/v2\/pages"}],"about":[{"href":"https:\/\/senabel.com\/sv\/wp-json\/wp\/v2\/types\/page"}],"author":[{"embeddable":true,"href":"https:\/\/senabel.com\/sv\/wp-json\/wp\/v2\/users\/1"}],"replies":[{"embeddable":true,"href":"https:\/\/senabel.com\/sv\/wp-json\/wp\/v2\/comments?post=15682"}],"version-history":[{"count":4,"href":"https:\/\/senabel.com\/sv\/wp-json\/wp\/v2\/pages\/15682\/revisions"}],"predecessor-version":[{"id":15686,"href":"https:\/\/senabel.com\/sv\/wp-json\/wp\/v2\/pages\/15682\/revisions\/15686"}],"wp:attachment":[{"href":"https:\/\/senabel.com\/sv\/wp-json\/wp\/v2\/media?parent=15682"}],"curies":[{"name":"wp","href":"https:\/\/api.w.org\/{rel}","templated":true}]}}