{"id":15677,"date":"2024-11-20T17:04:41","date_gmt":"2024-11-20T17:04:41","guid":{"rendered":"https:\/\/senabel.com\/?page_id=15677"},"modified":"2026-02-03T12:23:27","modified_gmt":"2026-02-03T12:23:27","slug":"returpolicy","status":"publish","type":"page","link":"https:\/\/senabel.com\/sv\/%d8%b3%d9%8a%d8%a7%d8%b3%d8%a9-%d8%a7%d9%84%d8%a5%d8%b1%d8%ac%d8%a7%d8%b9\/","title":{"rendered":"Returpolicy"},"content":{"rendered":"<div data-elementor-type=\"wp-page\" data-elementor-id=\"15677\" class=\"elementor elementor-15677\">\n\t\t\t\t<div class=\"wd-negative-gap elementor-element elementor-element-fd41755 e-flex e-con-boxed e-con e-parent\" data-id=\"fd41755\" data-element_type=\"container\">\n\t\t\t\t\t<div class=\"e-con-inner\">\n\t\t\t\t<div class=\"elementor-element elementor-element-3a76b26 elementor-widget elementor-widget-heading\" data-id=\"3a76b26\" data-element_type=\"widget\" data-widget_type=\"heading.default\">\n\t\t\t\t<div class=\"elementor-widget-container\">\n\t\t\t\t\t<h2 class=\"elementor-heading-title elementor-size-default\">Sanabel Online Store... Vi \u00e4r glada att kunna betj\u00e4na dig<\/h2>\t\t\t\t<\/div>\n\t\t\t\t<\/div>\n\t\t\t\t\t<\/div>\n\t\t\t\t<\/div>\n\t\t<div class=\"wd-negative-gap elementor-element elementor-element-139860a e-flex e-con-boxed e-con e-parent\" data-id=\"139860a\" data-element_type=\"container\">\n\t\t\t\t\t<div class=\"e-con-inner\">\n\t\t\t\t<div class=\"elementor-element elementor-element-6673eac elementor-widget elementor-widget-wd_text_block\" data-id=\"6673eac\" data-element_type=\"widget\" data-widget_type=\"wd_text_block.default\">\n\t\t\t\t<div class=\"elementor-widget-container\">\n\t\t\t\t\t\t\t<div class=\"wd-text-block reset-last-child text-left\">\n\t\t\t\n\t\t\t<p style=\"text-align: right;\" data-start=\"279\" data-end=\"440\">Vi \u00e4r angel\u00e4gna om <strong data-start=\"287\" data-end=\"296\">Snapple<\/strong> har \u00e5tagit sig att tillhandah\u00e5lla livsmedelsprodukter av h\u00f6g kvalitet som anl\u00e4nder till dig i gott skick. P\u00e5 grund av livsmedelsprodukternas natur vill vi g\u00f6ra v\u00e5r retur- och utbytespolicy tydlig och transparent.<\/p><h2 style=\"text-align: right;\" data-start=\"447\" data-end=\"465\">1. Annullera ordern<\/h2><ul style=\"text-align: right;\" data-start=\"466\" data-end=\"575\"><li data-start=\"466\" data-end=\"521\"><p data-start=\"468\" data-end=\"521\">Ordern kan annulleras <strong data-start=\"485\" data-end=\"505\">P\u00e5 bara 3 timmar<\/strong> Fr\u00e5n den tidpunkt d\u00e5 det bekr\u00e4ftas<\/p><\/li><li data-start=\"522\" data-end=\"575\"><p data-start=\"524\" data-end=\"575\">Best\u00e4llningen kan inte annulleras efter att f\u00f6rs\u00e4ndelsen har behandlats eller skickats<\/p><\/li><\/ul><h2 style=\"text-align: right;\" data-start=\"582\" data-end=\"607\">2. Retur och byte<\/h2><ul style=\"text-align: right;\" data-start=\"608\" data-end=\"792\"><li data-start=\"608\" data-end=\"654\"><p data-start=\"610\" data-end=\"654\"><strong data-start=\"610\" data-end=\"652\">Inga returer eller byten efter att best\u00e4llningen har skickats<\/strong><\/p><\/li><li data-start=\"655\" data-end=\"737\"><p data-start=\"657\" data-end=\"737\">Alla livsmedelsprodukter <strong data-start=\"680\" data-end=\"714\">Inga returer eller byten<\/strong> Av h\u00e4lso- och organisatoriska sk\u00e4l<\/p><\/li><li data-start=\"738\" data-end=\"792\"><p data-start=\"740\" data-end=\"792\">Det \u00e4r kundens ansvar att v\u00e4lja produkt innan best\u00e4llningen slutf\u00f6rs<\/p><\/li><\/ul><h2 style=\"text-align: right;\" data-start=\"799\" data-end=\"840\">3. Skadade eller felbest\u00e4llda produkter<\/h2><p style=\"text-align: right;\" data-start=\"841\" data-end=\"860\">Om du f\u00e5r en produkt:<\/p><ul style=\"text-align: right;\" data-start=\"861\" data-end=\"950\"><li data-start=\"861\" data-end=\"869\"><p data-start=\"863\" data-end=\"869\">Skadad<\/p><\/li><li data-start=\"870\" data-end=\"915\"><p data-start=\"872\" data-end=\"915\">eller inneh\u00e5ller en defekt som beror p\u00e5 f\u00f6rpackning eller transport<\/p><\/li><li data-start=\"916\" data-end=\"950\"><p data-start=\"918\" data-end=\"950\">Eller s\u00e5 skickades en produkt som inte st\u00e4mde \u00f6verens med best\u00e4llningen<\/p><\/li><\/ul><p style=\"text-align: right;\" data-start=\"952\" data-end=\"1033\">Om <strong data-start=\"956\" data-end=\"991\">Snapple Store tar fullt ansvar<\/strong>\u00c4rendet handl\u00e4ggs enligt f\u00f6ljande:<\/p><ul style=\"text-align: right;\" data-start=\"1034\" data-end=\"1137\"><li data-start=\"1034\" data-end=\"1092\"><p data-start=\"1036\" data-end=\"1092\">Kompensera kunden eller skicka produkten p\u00e5 nytt utan extra kostnad<\/p><\/li><li data-start=\"1093\" data-end=\"1137\"><p data-start=\"1095\" data-end=\"1137\">Alla frakt- och hanteringskostnader b\u00e4rs av f\u00f6retaget<\/p><\/li><\/ul><p style=\"text-align: right;\" data-start=\"1139\" data-end=\"1212\"><strong data-start=\"1139\" data-end=\"1185\">Meddelandet ska l\u00e4mnas inom 24 timmar efter det att beg\u00e4ran mottagits<\/strong> Inkludera foton som illustrerar fr\u00e5gan.<\/p><h2 style=\"text-align: right;\" data-start=\"1219\" data-end=\"1241\">4. \u00c5terbetalning<\/h2><ul style=\"text-align: right;\" data-start=\"1242\" data-end=\"1480\"><li data-start=\"1242\" data-end=\"1341\"><p data-start=\"1244\" data-end=\"1341\">Om produkten visar sig vara felaktig eller skadad av oss, kommer en \u00e5terbetalning eller omleverans att utf\u00e4rdas enligt kundens \u00f6nskem\u00e5l<\/p><\/li><li data-start=\"1342\" data-end=\"1405\"><p data-start=\"1344\" data-end=\"1405\">\u00c5terbetalning sker till samma betalningsmetod som anv\u00e4ndes vid k\u00f6pet<\/p><\/li><li data-start=\"1406\" data-end=\"1480\"><p data-start=\"1408\" data-end=\"1480\">Det kan ta flera dagar innan beloppet finns p\u00e5 kontot beroende p\u00e5 bankens eller betalningsf\u00f6retagets policy<\/p><\/li><\/ul><h2 style=\"text-align: right;\" data-start=\"1487\" data-end=\"1506\">5. Viktiga anm\u00e4rkningar<\/h2><ul style=\"text-align: right;\" data-start=\"1507\" data-end=\"1724\"><li data-start=\"1507\" data-end=\"1562\"><p data-start=\"1509\" data-end=\"1562\">Ingen returbeg\u00e4ran kan accepteras efter att ordern har skickats av n\u00e5gon som helst anledning<\/p><\/li><li data-start=\"1563\" data-end=\"1631\"><p data-start=\"1565\" data-end=\"1631\">Returpolicyn omfattar inte produkter som har \u00f6ppnats eller delvis konsumerats<\/p><\/li><li data-start=\"1632\" data-end=\"1724\"><p data-start=\"1634\" data-end=\"1724\">Denna policy \u00e4r f\u00f6renlig med lagar och f\u00f6rordningar f\u00f6r livsmedelsprodukter inom Europeiska unionen<\/p><\/li><\/ul><h2 style=\"text-align: right;\" data-start=\"1731\" data-end=\"1761\">6. Kontakta kundtj\u00e4nst<\/h2><p style=\"text-align: right;\" data-start=\"1762\" data-end=\"1840\">Om du har n\u00e5gra fr\u00e5gor om din best\u00e4llning eller vill rapportera ett problem, v\u00e4nligen kontakta oss via<\/p><ul data-start=\"1842\" data-end=\"1883\"><li data-start=\"1842\" data-end=\"1883\"><p style=\"text-align: right;\" data-start=\"1844\" data-end=\"1883\">E-post: <strong data-start=\"1863\" data-end=\"1883\"><a class=\"decorated-link cursor-pointer\" rel=\"noopener\" data-start=\"1865\" data-end=\"1881\">info@senabel.com<\/a><\/strong><\/p><\/li><\/ul>\n\t\t\t\t\t<\/div>\n\t\t\t\t\t\t<\/div>\n\t\t\t\t<\/div>\n\t\t\t\t\t<\/div>\n\t\t\t\t<\/div>\n\t\t\t\t<\/div>","protected":false},"excerpt":{"rendered":"<p>\u0645\u062a\u062c\u0631 \u0633\u0646\u0627\u0628\u0644 \u0627\u0644\u0625\u0644\u0643\u062a\u0631\u0648\u0646\u064a\u2026 \u0646\u0633\u0639\u062f \u0628\u062e\u062f\u0645\u062a\u0643\u0645 \u0646\u062d\u0631\u0635 \u0641\u064a \u0633\u0646\u0627\u0628\u0644 \u0639\u0644\u0649 \u062a\u0642\u062f\u064a\u0645 \u0645\u0646\u062a\u062c\u0627\u062a \u063a\u0630\u0627\u0626\u064a\u0629 \u0639\u0627\u0644\u064a\u0629 \u0627\u0644\u062c\u0648\u062f\u0629 \u062a\u0635\u0644 \u0625\u0644\u064a\u0643 \u0628\u062d\u0627\u0644\u0629 \u0633\u0644\u064a\u0645\u0629. \u0648\u0646\u0638\u0631\u064b\u0627 \u0644\u0637\u0628\u064a\u0639\u0629<\/p>","protected":false},"author":1,"featured_media":0,"parent":0,"menu_order":0,"comment_status":"closed","ping_status":"closed","template":"","meta":{"footnotes":""},"class_list":["post-15677","page","type-page","status-publish","hentry"],"_links":{"self":[{"href":"https:\/\/senabel.com\/sv\/wp-json\/wp\/v2\/pages\/15677","targetHints":{"allow":["GET"]}}],"collection":[{"href":"https:\/\/senabel.com\/sv\/wp-json\/wp\/v2\/pages"}],"about":[{"href":"https:\/\/senabel.com\/sv\/wp-json\/wp\/v2\/types\/page"}],"author":[{"embeddable":true,"href":"https:\/\/senabel.com\/sv\/wp-json\/wp\/v2\/users\/1"}],"replies":[{"embeddable":true,"href":"https:\/\/senabel.com\/sv\/wp-json\/wp\/v2\/comments?post=15677"}],"version-history":[{"count":13,"href":"https:\/\/senabel.com\/sv\/wp-json\/wp\/v2\/pages\/15677\/revisions"}],"predecessor-version":[{"id":60598,"href":"https:\/\/senabel.com\/sv\/wp-json\/wp\/v2\/pages\/15677\/revisions\/60598"}],"wp:attachment":[{"href":"https:\/\/senabel.com\/sv\/wp-json\/wp\/v2\/media?parent=15677"}],"curies":[{"name":"wp","href":"https:\/\/api.w.org\/{rel}","templated":true}]}}