{"id":15672,"date":"2024-11-20T17:01:27","date_gmt":"2024-11-20T17:01:27","guid":{"rendered":"https:\/\/senabel.com\/?page_id=15672"},"modified":"2024-11-20T17:03:30","modified_gmt":"2024-11-20T17:03:30","slug":"regler-och-forordningar","status":"publish","type":"page","link":"https:\/\/senabel.com\/sv\/%d8%a7%d9%84%d9%82%d9%88%d8%a7%d9%86%d9%8a%d9%86-%d9%88-%d8%a7%d9%84%d8%a7%d8%ad%d9%83%d8%a7%d9%85\/","title":{"rendered":"Regler och f\u00f6rordningar"},"content":{"rendered":"<div data-elementor-type=\"wp-page\" data-elementor-id=\"15672\" class=\"elementor elementor-15672\">\n\t\t\t\t<div class=\"wd-negative-gap elementor-element elementor-element-20dbe76 e-flex e-con-boxed e-con e-parent\" data-id=\"20dbe76\" data-element_type=\"container\">\n\t\t\t\t\t<div class=\"e-con-inner\">\n\t\t\t\t<div class=\"elementor-element elementor-element-e925694 elementor-widget elementor-widget-heading\" data-id=\"e925694\" data-element_type=\"widget\" data-widget_type=\"heading.default\">\n\t\t\t\t<div class=\"elementor-widget-container\">\n\t\t\t\t\t<h2 class=\"elementor-heading-title elementor-size-default\">Sanabel Online Store ... Vi \u00e4r glada att kunna betj\u00e4na dig<\/h2>\t\t\t\t<\/div>\n\t\t\t\t<\/div>\n\t\t\t\t\t<\/div>\n\t\t\t\t<\/div>\n\t\t<div class=\"wd-negative-gap elementor-element elementor-element-fc514ca e-flex e-con-boxed e-con e-parent\" data-id=\"fc514ca\" data-element_type=\"container\">\n\t\t\t\t\t<div class=\"e-con-inner\">\n\t\t\t\t<div class=\"elementor-element elementor-element-6ff9ab6 elementor-widget elementor-widget-wd_text_block\" data-id=\"6ff9ab6\" data-element_type=\"widget\" data-widget_type=\"wd_text_block.default\">\n\t\t\t\t<div class=\"elementor-widget-container\">\n\t\t\t\t\t\t\t<div class=\"wd-text-block reset-last-child text-left\">\n\t\t\t\n\t\t\t<p style=\"text-align: right;\"><strong>V\u00e4lkommen till v\u00e5r webbutik<\/strong><br \/>Dessa villkor reglerar din anv\u00e4ndning av v\u00e5r webbplats och eventuella k\u00f6p som du g\u00f6r via webbplatsen.<\/p><p style=\"text-align: right;\">Genom att anv\u00e4nda v\u00e5r webbplats och\/eller g\u00f6ra ett k\u00f6p godk\u00e4nner du dessa villkor. Om du inte samtycker till dessa villkor ska du inte anv\u00e4nda v\u00e5r webbplats eller g\u00f6ra ett k\u00f6p.<\/p><p style=\"text-align: right;\"><strong>1.1 Fullg\u00f6rande av order<\/strong><br \/>Ordern expedieras samma dag som vi tar emot kundens best\u00e4llning och n\u00e4sta dag skickas den. Leveranstiden \u00e4r 2 arbetsdagar inom Sverige, 4 arbetsdagar f\u00f6r Norden och 7 till 10 arbetsdagar f\u00f6r Sydeuropa.<\/p><p style=\"text-align: right;\">Under evenemang och helgdagar kan ordern fyllas p\u00e5 samma dag eller tv\u00e5 dagar efter att ha mottagit kundens best\u00e4llning, och leveranstiden varierar beroende p\u00e5 trycket.<\/p><p style=\"text-align: right;\"><strong>2.1 Policy f\u00f6r annullering av order<\/strong><br \/>F\u00f6r att avbryta din best\u00e4llning kan du avbryta den inom 3 timmar fr\u00e5n det att best\u00e4llningen skapades och f\u00e5 ett e-postmeddelande som bekr\u00e4ftar att din best\u00e4llning p\u00e5g\u00e5r.<\/p><ul style=\"text-align: right;\"><li>En order kan inte annulleras n\u00e4r den \u00e4r slutf\u00f6rd.<\/li><li>En order kan inte annulleras n\u00e4r den har levererats f\u00f6r leverans.<\/li><li>En order kan inte avbest\u00e4llas om frakten \u00e4r f\u00f6rsenad, eftersom vi inte ansvarar f\u00f6r f\u00f6rseningar som orsakas av fraktbolaget (PostNord, DHL eller n\u00e5got annat fraktbolag som vi samarbetar med).<\/li><\/ul><p style=\"text-align: right;\"><strong>3.1 Frakt och leverans<\/strong><br \/>Fraktkostnaden varierar beroende p\u00e5 antal.<\/p><ul style=\"text-align: right;\"><li>F\u00f6r best\u00e4llningar \u00f6ver 899 kronor \u00e4r frakten fri inom Sverige och 149 euro f\u00f6r \u00f6vriga EU.<\/li><li>Vi kommer att g\u00f6ra v\u00e5rt yttersta f\u00f6r att skicka din best\u00e4llning n\u00e4sta dag efter mottagandet av din best\u00e4llning. Vi kan dock inte garantera leveransdatum eller -tider.<\/li><li>Fraktkostnaderna ber\u00e4knas utifr\u00e5n vikten p\u00e5 din best\u00e4llning och din leveransadress och visas i kassan.<\/li><\/ul><p style=\"text-align: right;\"><strong>4.1 Ej \u00e5terfunna f\u00f6rpackningar<\/strong><br \/>Om ditt paket inte kommer fram i tid debiteras du 299 kr f\u00f6r att t\u00e4cka v\u00e5ra hanteringskostnader.<\/p><p style=\"text-align: right;\"><strong>5.1 Klagom\u00e5l<\/strong><\/p><ul style=\"text-align: right;\"><li>Transportskador ska anm\u00e4las till Posten s\u00e5 snart skadan uppt\u00e4cks.<\/li><li>Om du inte f\u00e5r n\u00e5got svar fr\u00e5n fraktbolaget, v\u00e4nligen kontakta oss via e-postadressen p\u00e5 webbplatsen eller ring det nummer som anges under kontorstid.<\/li><li>Om det finns ett fel eller en artikel har skickats felaktigt, b\u00f6r du kontakta oss s\u00e5 snart som m\u00f6jligt via e-post <strong><a rel=\"noopener\">info@senabel.com<\/a><\/strong> Och n\u00e4mna felet. Du kommer att f\u00e5 information om hur du ska g\u00e5 vidare.<\/li><\/ul><p style=\"text-align: right;\">Vi st\u00e5r f\u00f6r kostnaden f\u00f6r dessa returer, eftersom det \u00e4r mycket viktigt f\u00f6r oss att du \u00e4r n\u00f6jd med ditt k\u00f6p.<\/p><p style=\"text-align: right;\"><strong>6.1 Garanti och gottg\u00f6relse<\/strong><\/p><ul><li style=\"text-align: right;\">Vi erbjuder en \"guldgaranti\" fr\u00e5n ink\u00f6psdatumet mot eventuella produktfel.<\/li><li style=\"text-align: right;\">Du m\u00e5ste rapportera eventuella produktfel inom 24 timmar efter att du mottagit produkten, fotografera produkten och skicka en bild av den skadade produkten via ett officiellt e-postmeddelande.<\/li><li style=\"text-align: right;\">V\u00e5r ers\u00e4ttning \u00e4r begr\u00e4nsad till utbyte av produkten, \u00e5terbetalning av priset f\u00f6r den produkt du fick eller utf\u00e4rdande av en rabattkod f\u00f6r v\u00e4rdet av den skadade produkten som kan anv\u00e4ndas n\u00e4r som helst.<\/li><\/ul>\n\t\t\t\t\t<\/div>\n\t\t\t\t\t\t<\/div>\n\t\t\t\t<\/div>\n\t\t\t\t\t<\/div>\n\t\t\t\t<\/div>\n\t\t\t\t<\/div>","protected":false},"excerpt":{"rendered":"<p>\u0645\u062a\u062c\u0631 \u0633\u0646\u0627\u0628\u0644 \u0627\u0644\u0625\u0644\u0643\u062a\u0631\u0648\u0646\u064a \u2026 \u0646\u0633\u0639\u062f \u0628\u062e\u062f\u0645\u062a\u0643\u0645 \u0645\u0631\u062d\u0628\u064b\u0627 \u0628\u0643\u0645 \u0641\u064a \u0645\u062a\u062c\u0631\u0646\u0627 \u0627\u0644\u0625\u0644\u0643\u062a\u0631\u0648\u0646\u064a\u062a\u062a\u062d\u0643\u0645 \u0647\u0630\u0647 \u0627\u0644\u0634\u0631\u0648\u0637 \u0648\u0627\u0644\u0623\u062d\u0643\u0627\u0645 \u0641\u064a \u0627\u0633\u062a\u062e\u062f\u0627\u0645\u0643 \u0644\u0645\u0648\u0642\u0639\u0646\u0627 \u0648\u0623\u064a \u0645\u0634\u062a\u0631\u064a\u0627\u062a \u062a\u0642\u0648\u0645<\/p>","protected":false},"author":1,"featured_media":0,"parent":0,"menu_order":0,"comment_status":"closed","ping_status":"closed","template":"","meta":{"footnotes":""},"class_list":["post-15672","page","type-page","status-publish","hentry"],"_links":{"self":[{"href":"https:\/\/senabel.com\/sv\/wp-json\/wp\/v2\/pages\/15672","targetHints":{"allow":["GET"]}}],"collection":[{"href":"https:\/\/senabel.com\/sv\/wp-json\/wp\/v2\/pages"}],"about":[{"href":"https:\/\/senabel.com\/sv\/wp-json\/wp\/v2\/types\/page"}],"author":[{"embeddable":true,"href":"https:\/\/senabel.com\/sv\/wp-json\/wp\/v2\/users\/1"}],"replies":[{"embeddable":true,"href":"https:\/\/senabel.com\/sv\/wp-json\/wp\/v2\/comments?post=15672"}],"version-history":[{"count":4,"href":"https:\/\/senabel.com\/sv\/wp-json\/wp\/v2\/pages\/15672\/revisions"}],"predecessor-version":[{"id":15676,"href":"https:\/\/senabel.com\/sv\/wp-json\/wp\/v2\/pages\/15672\/revisions\/15676"}],"wp:attachment":[{"href":"https:\/\/senabel.com\/sv\/wp-json\/wp\/v2\/media?parent=15672"}],"curies":[{"name":"wp","href":"https:\/\/api.w.org\/{rel}","templated":true}]}}