{"id":15663,"date":"2024-11-20T16:56:36","date_gmt":"2024-11-20T16:56:36","guid":{"rendered":"https:\/\/senabel.com\/?page_id=15663"},"modified":"2024-11-20T17:00:56","modified_gmt":"2024-11-20T17:00:56","slug":"hjalp","status":"publish","type":"page","link":"https:\/\/senabel.com\/sv\/%d8%a7%d9%84%d9%85%d8%b3%d8%a7%d8%b9%d8%af%d8%a9\/","title":{"rendered":"Hj\u00e4lp"},"content":{"rendered":"<div data-elementor-type=\"wp-page\" data-elementor-id=\"15663\" class=\"elementor elementor-15663\">\n\t\t\t\t<div class=\"wd-negative-gap elementor-element elementor-element-a3b866d e-flex e-con-boxed e-con e-parent\" data-id=\"a3b866d\" data-element_type=\"container\">\n\t\t\t\t\t<div class=\"e-con-inner\">\n\t\t\t\t<div class=\"elementor-element elementor-element-a23fdac elementor-widget elementor-widget-heading\" data-id=\"a23fdac\" data-element_type=\"widget\" data-widget_type=\"heading.default\">\n\t\t\t\t<div class=\"elementor-widget-container\">\n\t\t\t\t\t<h2 class=\"elementor-heading-title elementor-size-default\">Sanabel Online Store... Vi \u00e4r glada att kunna betj\u00e4na dig\n<\/h2>\t\t\t\t<\/div>\n\t\t\t\t<\/div>\n\t\t\t\t\t<\/div>\n\t\t\t\t<\/div>\n\t\t<div class=\"wd-negative-gap elementor-element elementor-element-9b190cc e-flex e-con-boxed e-con e-parent\" data-id=\"9b190cc\" data-element_type=\"container\">\n\t\t\t\t\t<div class=\"e-con-inner\">\n\t\t\t\t<div class=\"elementor-element elementor-element-de111a7 elementor-widget elementor-widget-wd_text_block\" data-id=\"de111a7\" data-element_type=\"widget\" data-widget_type=\"wd_text_block.default\">\n\t\t\t\t<div class=\"elementor-widget-container\">\n\t\t\t\t\t\t\t<div class=\"wd-text-block reset-last-child text-left\">\n\t\t\t\n\t\t\t<p style=\"text-align: right;\">V\u00e4lkommen till hj\u00e4lpsidan!<\/p><p style=\"text-align: right;\">Vi uppskattar ditt bes\u00f6k i v\u00e5r webbutik. Vi str\u00e4var alltid efter att erbjuda den b\u00e4sta kvaliteten p\u00e5 v\u00e5ra produkter och tj\u00e4nster. Om du har n\u00e5gra fr\u00e5gor eller funderingar finns vi h\u00e4r f\u00f6r att hj\u00e4lpa dig. Du kanske hittar det svar du beh\u00f6ver nedan. Om du inte hittar det du letar efter, tveka inte att kontakta v\u00e5r kundtj\u00e4nst.<\/p><p style=\"text-align: right;\"><strong>1.7 Hur kan jag best\u00e4lla era produkter?<\/strong><br \/>Du kan best\u00e4lla v\u00e5ra produkter genom att bes\u00f6ka v\u00e5r webbplats. V\u00e4lj de produkter du vill ha och l\u00e4gg dem i din varukorg. Fyll sedan i dina leverans- och betalningsuppgifter och slutf\u00f6r ditt k\u00f6p.<\/p><p style=\"text-align: right;\"><strong>2.7 Vilka betalningsalternativ finns tillg\u00e4ngliga?<\/strong><br \/>Vi tar emot betalningar online med kreditkort, PayPal, Swish och Klarna.<\/p><p style=\"text-align: right;\"><strong>3.7 Erbjuder ni leveransservice?<\/strong><br \/>Ja, vi erbjuder leverans i Sverige och EU-l\u00e4nder. Du kan kontrollera leveranstillg\u00e4ngligheten f\u00f6r din region i kassan.<\/p><p style=\"text-align: right;\"><strong>4.7 Hur kan jag kontakta kundtj\u00e4nst?<\/strong><br \/>Du kan kontakta v\u00e5rt kundtj\u00e4nstteam via telefon eller e-post. V\u00e5rt team \u00e4r redo att svara p\u00e5 dina fr\u00e5gor och hj\u00e4lpa dig med alla fr\u00e5gor som r\u00f6r v\u00e5r butik och v\u00e5ra produkter.<\/p><p style=\"text-align: right;\"><strong>5.7 Vilka \u00e4r kundtj\u00e4nstens \u00f6ppettider?<\/strong><br \/>V\u00e5r kundtj\u00e4nst \u00e4r tillg\u00e4nglig f\u00f6r dig under normala \u00f6ppettider. Du kan hitta de specifika \u00f6ppettiderna p\u00e5 v\u00e5r <em>Ring oss p\u00e5 telefon<\/em> p\u00e5 v\u00e5r webbplats. Om du ringer utanf\u00f6r kontorstid \u00e5terkommer vi till dig s\u00e5 snart som m\u00f6jligt.<\/p><p style=\"text-align: right;\"><strong>6.7 Erbjuder ni teknisk support f\u00f6r tekniska fr\u00e5gor?<\/strong><br \/>Ja, vi tillhandah\u00e5ller teknisk support f\u00f6r att l\u00f6sa eventuella tekniska problem som du st\u00f6ter p\u00e5 n\u00e4r du surfar p\u00e5 v\u00e5r webbplats eller g\u00f6r ett k\u00f6p. Kontakta v\u00e5rt tekniska supportteam och beskriv problemet i detalj, s\u00e5 f\u00f6rs\u00f6ker vi l\u00f6sa det s\u00e5 snart som m\u00f6jligt.<\/p><p style=\"text-align: right;\"><strong>7.7 Vad \u00e4r svarstiden f\u00f6r kundtj\u00e4nst?<\/strong><br \/>Vi str\u00e4var efter att besvara kundf\u00f6rfr\u00e5gningar s\u00e5 snabbt som m\u00f6jligt. F\u00f6rfr\u00e5gningar besvaras ofta inom 24 timmar efter att de har mottagits. Vissa mer komplexa \u00e4renden kan ta l\u00e4ngre tid, men vi garanterar att vi \u00e5terkommer till dig med r\u00e4tt svar.<\/p><p style=\"text-align: right;\"><strong>8.7 Tillhandah\u00e5ller ni en storleksguide eller n\u00e4ringsinneh\u00e5ll f\u00f6r desserter?<\/strong><br \/>Ja, vi tillhandah\u00e5ller en storleksguide f\u00f6r v\u00e5ra desserter f\u00f6r att hj\u00e4lpa dig att v\u00e4lja r\u00e4tt storlek. Vi tillhandah\u00e5ller ocks\u00e5 detaljerad information om n\u00e4ringsinneh\u00e5llet i v\u00e5ra produkter, t.ex. ingredienser, n\u00e4ringsv\u00e4rde och eventuella allergier. Du hittar den h\u00e4r informationen p\u00e5 produktsidan eller kontakta v\u00e5r kundtj\u00e4nst f\u00f6r att f\u00e5 hj\u00e4lp.<\/p><p style=\"text-align: right;\"><strong>9.7 Kan jag avbest\u00e4lla eller \u00e4ndra min best\u00e4llning efter k\u00f6pet?<\/strong><br \/>Vi str\u00e4var efter att behandla best\u00e4llningar s\u00e5 snabbt som m\u00f6jligt, men om du vill avbest\u00e4lla eller \u00e4ndra din best\u00e4llning ber vi dig kontakta v\u00e5r kundtj\u00e4nst s\u00e5 snart som m\u00f6jligt. Vi kommer att g\u00f6ra v\u00e5rt b\u00e4sta f\u00f6r att uppfylla din beg\u00e4ran, men observera att det kan finnas begr\u00e4nsningar beroende p\u00e5 best\u00e4llningens status och hur l\u00e5ngt processen fortskridit.<\/p><p style=\"text-align: right;\"><strong>10.7 Erbjuder ni en garanti f\u00f6r kundn\u00f6jdhet?<\/strong><br \/>Ja, kundn\u00f6jdhet \u00e4r viktigt f\u00f6r oss. Om du \u00e4r missn\u00f6jd med n\u00e5gon produkt du f\u00e5tt eller service du f\u00e5tt, v\u00e4nligen meddela oss. Vi kommer att arbeta med dig f\u00f6r att l\u00f6sa eventuella problem och s\u00e4kerst\u00e4lla att du \u00e4r helt n\u00f6jd. Vi erbjuder ocks\u00e5 en guldgaranti p\u00e5 alla v\u00e5ra produkter.<\/p><p style=\"text-align: right;\">Om du har n\u00e5gra ytterligare fr\u00e5gor eller beh\u00f6ver ytterligare hj\u00e4lp, tveka inte att kontakta v\u00e5r kundtj\u00e4nst via det telefonnummer eller e-postmeddelande som anges p\u00e5 v\u00e5r webbplats.<\/p><p style=\"text-align: right;\">Tack igen f\u00f6r att du bes\u00f6ker v\u00e5r butik, vi ser fram emot att betj\u00e4na dig efter b\u00e4sta f\u00f6rm\u00e5ga!<\/p>\n\t\t\t\t\t<\/div>\n\t\t\t\t\t\t<\/div>\n\t\t\t\t<\/div>\n\t\t\t\t\t<\/div>\n\t\t\t\t<\/div>\n\t\t\t\t<\/div>","protected":false},"excerpt":{"rendered":"<p>\u0645\u062a\u062c\u0631 \u0633\u0646\u0627\u0628\u0644 \u0627\u0644\u0625\u0644\u0643\u062a\u0631\u0648\u0646\u064a\u2026 \u0646\u0633\u0639\u062f \u0628\u062e\u062f\u0645\u062a\u0643\u0645 \u0645\u0631\u062d\u0628\u064b\u0627 \u0628\u0643 \u0641\u064a \u0635\u0641\u062d\u0629 \u0627\u0644\u0645\u0633\u0627\u0639\u062f\u0629! \u0646\u062d\u0646 \u0646\u0642\u062f\u0631 \u0632\u064a\u0627\u0631\u062a\u0643 \u0644\u0645\u062a\u062c\u0631\u0646\u0627 \u0627\u0644\u0625\u0644\u0643\u062a\u0631\u0648\u0646\u064a. \u0646\u0633\u0639\u0649 \u062f\u0627\u0626\u0645\u064b\u0627 \u0644\u062a\u0642\u062f\u064a\u0645 \u0623\u0641\u0636\u0644 \u062c\u0648\u062f\u0629<\/p>","protected":false},"author":1,"featured_media":0,"parent":0,"menu_order":0,"comment_status":"closed","ping_status":"closed","template":"","meta":{"footnotes":""},"class_list":["post-15663","page","type-page","status-publish","hentry"],"_links":{"self":[{"href":"https:\/\/senabel.com\/sv\/wp-json\/wp\/v2\/pages\/15663","targetHints":{"allow":["GET"]}}],"collection":[{"href":"https:\/\/senabel.com\/sv\/wp-json\/wp\/v2\/pages"}],"about":[{"href":"https:\/\/senabel.com\/sv\/wp-json\/wp\/v2\/types\/page"}],"author":[{"embeddable":true,"href":"https:\/\/senabel.com\/sv\/wp-json\/wp\/v2\/users\/1"}],"replies":[{"embeddable":true,"href":"https:\/\/senabel.com\/sv\/wp-json\/wp\/v2\/comments?post=15663"}],"version-history":[{"count":7,"href":"https:\/\/senabel.com\/sv\/wp-json\/wp\/v2\/pages\/15663\/revisions"}],"predecessor-version":[{"id":15671,"href":"https:\/\/senabel.com\/sv\/wp-json\/wp\/v2\/pages\/15663\/revisions\/15671"}],"wp:attachment":[{"href":"https:\/\/senabel.com\/sv\/wp-json\/wp\/v2\/media?parent=15663"}],"curies":[{"name":"wp","href":"https:\/\/api.w.org\/{rel}","templated":true}]}}