{"id":15637,"date":"2024-11-20T16:36:30","date_gmt":"2024-11-20T16:36:30","guid":{"rendered":"https:\/\/senabel.com\/?page_id=15637"},"modified":"2024-11-20T16:43:46","modified_gmt":"2024-11-20T16:43:46","slug":"vittnesmal","status":"publish","type":"page","link":"https:\/\/senabel.com\/sv\/%d8%a7%d9%84%d8%b4%d9%87%d8%a7%d8%af%d8%a7%d8%aa\/","title":{"rendered":"Vittnesm\u00e5l"},"content":{"rendered":"<div data-elementor-type=\"wp-page\" data-elementor-id=\"15637\" class=\"elementor elementor-15637\">\n\t\t\t\t<div class=\"wd-negative-gap elementor-element elementor-element-3e0004c e-grid e-con-boxed e-con e-parent\" data-id=\"3e0004c\" data-element_type=\"container\">\n\t\t\t\t\t<div class=\"e-con-inner\">\n\t\t\t\t<div class=\"elementor-element elementor-element-730e75d elementor-widget elementor-widget-wd_text_block\" data-id=\"730e75d\" data-element_type=\"widget\" data-widget_type=\"wd_text_block.default\">\n\t\t\t\t<div class=\"elementor-widget-container\">\n\t\t\t\t\t\t\t<div class=\"wd-text-block reset-last-child text-left\">\n\t\t\t\n\t\t\t<p style=\"text-align: right;\"><strong>Sanabel Onlinebutik ... Vi \u00e4r glada att kunna betj\u00e4na dig<\/strong><br \/>Eftersom trov\u00e4rdighet och kvalitet \u00e4r v\u00e5ra k\u00e4rnv\u00e4rden har vi arbetat f\u00f6r att f\u00e5 flera certifieringar som bekr\u00e4ftar v\u00e5rt engagemang f\u00f6r dessa principer, bland annat<\/p><p style=\"text-align: right;\"><strong>Registreringsbevis f\u00f6r varum\u00e4rke:<\/strong><br \/>Detta intyg \u00e4r ett bevis p\u00e5 registrering av <em>Sanabel Onlinebutik<\/em> Detta bekr\u00e4ftar hans r\u00e4tt att anv\u00e4nda det registrerade varum\u00e4rket hos de beh\u00f6riga myndigheterna.<\/p>\n\t\t\t\t\t<\/div>\n\t\t\t\t\t\t<\/div>\n\t\t\t\t<\/div>\n\t\t\t\t<div class=\"elementor-element elementor-element-a273104 elementor-widget elementor-widget-wd_image_or_svg\" data-id=\"a273104\" data-element_type=\"widget\" data-widget_type=\"wd_image_or_svg.default\">\n\t\t\t\t<div class=\"elementor-widget-container\">\n\t\t\t\t\t\n\t\t<div class=\"wd-image text-left\">\n\t\t\t\t\t\t\t\t<img loading=\"lazy\" decoding=\"async\" width=\"596\" height=\"423\" src=\"https:\/\/senabel.com\/wp-content\/uploads\/2024\/11\/certificate-Eu-1.png\" class=\"attachment-full size-full\" alt=\"\" srcset=\"https:\/\/senabel.com\/wp-content\/uploads\/2024\/11\/certificate-Eu-1.png 596w, https:\/\/senabel.com\/wp-content\/uploads\/2024\/11\/certificate-Eu-1-430x305.png 430w, https:\/\/senabel.com\/wp-content\/uploads\/2024\/11\/certificate-Eu-1-150x106.png 150w, https:\/\/senabel.com\/wp-content\/uploads\/2024\/11\/certificate-Eu-1-400x284.png 400w, https:\/\/senabel.com\/wp-content\/uploads\/2024\/11\/certificate-Eu-1-18x12.png 18w\" sizes=\"auto, (max-width: 596px) 100vw, 596px\" \/>\t\t\t\t\t<\/div>\n\n\t\t\t\t\t\t<\/div>\n\t\t\t\t<\/div>\n\t\t\t\t\t<\/div>\n\t\t\t\t<\/div>\n\t\t<div class=\"wd-negative-gap elementor-element elementor-element-d8555e7 e-grid e-con-boxed e-con e-parent\" data-id=\"d8555e7\" data-element_type=\"container\">\n\t\t\t\t\t<div class=\"e-con-inner\">\n\t\t\t\t<div class=\"elementor-element elementor-element-9ec87a1 elementor-widget elementor-widget-wd_image_or_svg\" data-id=\"9ec87a1\" data-element_type=\"widget\" data-widget_type=\"wd_image_or_svg.default\">\n\t\t\t\t<div class=\"elementor-widget-container\">\n\t\t\t\t\t\n\t\t<div class=\"wd-image text-center\">\n\t\t\t\t\t\t\t\t<img loading=\"lazy\" decoding=\"async\" width=\"483\" height=\"684\" src=\"https:\/\/senabel.com\/wp-content\/uploads\/2024\/11\/WhatsApp-Image-2022-05-11-at-9.43-1.png\" class=\"attachment-full size-full\" alt=\"\" srcset=\"https:\/\/senabel.com\/wp-content\/uploads\/2024\/11\/WhatsApp-Image-2022-05-11-at-9.43-1.png 483w, https:\/\/senabel.com\/wp-content\/uploads\/2024\/11\/WhatsApp-Image-2022-05-11-at-9.43-1-430x609.png 430w, https:\/\/senabel.com\/wp-content\/uploads\/2024\/11\/WhatsApp-Image-2022-05-11-at-9.43-1-150x212.png 150w, https:\/\/senabel.com\/wp-content\/uploads\/2024\/11\/WhatsApp-Image-2022-05-11-at-9.43-1-212x300.png 212w, https:\/\/senabel.com\/wp-content\/uploads\/2024\/11\/WhatsApp-Image-2022-05-11-at-9.43-1-8x12.png 8w\" sizes=\"auto, (max-width: 483px) 100vw, 483px\" \/>\t\t\t\t\t<\/div>\n\n\t\t\t\t\t\t<\/div>\n\t\t\t\t<\/div>\n\t\t\t\t<div class=\"elementor-element elementor-element-496b026 elementor-widget elementor-widget-wd_text_block\" data-id=\"496b026\" data-element_type=\"widget\" data-widget_type=\"wd_text_block.default\">\n\t\t\t\t<div class=\"elementor-widget-container\">\n\t\t\t\t\t\t\t<div class=\"wd-text-block reset-last-child text-left\">\n\t\t\t\n\t\t\t<p style=\"text-align: right;\"><strong>ISO 9001:2015 Intyg om \u00f6verensst\u00e4mmelse:<\/strong><br \/>Denna certifiering visar Sanabels engagemang f\u00f6r h\u00f6ga kvalitetsstandarder vid tillverkning och leverans av sina produkter, vilket s\u00e4kerst\u00e4ller att kunderna f\u00e5r autentiska och h\u00f6gkvalitativa arabiska produkter.<\/p><p style=\"text-align: right;\"><strong>F\u00f6rutom f\u00f6ljande s\u00e4kerhetsrelaterade certifikat:<\/strong><\/p><ul style=\"text-align: right;\"><li><p><strong>S\u00e4kerhetscertifikat:<\/strong><br \/>Sanabels webbutik har certifikat som bekr\u00e4ftar att den f\u00f6ljer digitala s\u00e4kerhetsstandarder och skyddar kundernas personuppgifter, t.ex. <em>(SSL - Secure Socket Layer)<\/em> som skyddar konfidentiell kommunikation och s\u00e4kerst\u00e4ller sekretessen f\u00f6r information som skickas \u00f6ver internet.<\/p><\/li><li><p><strong>S\u00e4kra betalningscertifikat:<\/strong><br \/>Sanabels webbutik har certifikat som bekr\u00e4ftar att den anv\u00e4nder s\u00e4kra och tillf\u00f6rlitliga betalningssystem, t.ex. <em>(PCI DSS - Payment Card Industry Data Security Standard)<\/em> som skyddar betalningsdata och s\u00e4kerst\u00e4ller sekretess och s\u00e4kerhet f\u00f6r kundernas finansiella information.<\/p><\/li><li><p><strong>Certifikat f\u00f6r s\u00e4ker leverans:<\/strong><br \/>Sanabels webbutik kan ha certifikat som bekr\u00e4ftar att den till\u00e4mpar s\u00e4kra och tillf\u00f6rlitliga leveransstandarder, till exempel certifikat f\u00f6r \u00f6verensst\u00e4mmelse med korrekta transport- och f\u00f6rpackningsstandarder.<\/p><\/li><\/ul><p style=\"text-align: right;\">Dessa certifikat \u00e5terspeglar Sanabels \u00e5tagande att tillhandah\u00e5lla h\u00f6gkvalitativa produkter, f\u00f6lja lagar och f\u00f6rordningar, uppr\u00e4tth\u00e5lla varum\u00e4rkets immateriella r\u00e4ttigheter och skydda kunddata och information.<\/p>\n\t\t\t\t\t<\/div>\n\t\t\t\t\t\t<\/div>\n\t\t\t\t<\/div>\n\t\t\t\t\t<\/div>\n\t\t\t\t<\/div>\n\t\t\t\t<\/div>","protected":false},"excerpt":{"rendered":"<p>Sanabel Online Store ... Vi \u00e4r glada att kunna tj\u00e4na dig Eftersom trov\u00e4rdighet och kvalitet \u00e4r v\u00e5ra viktigaste slagord har vi arbetat f\u00f6r att f\u00e5 m\u00e5nga certifikat som<\/p>","protected":false},"author":1,"featured_media":0,"parent":0,"menu_order":0,"comment_status":"closed","ping_status":"closed","template":"","meta":{"footnotes":""},"class_list":["post-15637","page","type-page","status-publish","hentry"],"_links":{"self":[{"href":"https:\/\/senabel.com\/sv\/wp-json\/wp\/v2\/pages\/15637","targetHints":{"allow":["GET"]}}],"collection":[{"href":"https:\/\/senabel.com\/sv\/wp-json\/wp\/v2\/pages"}],"about":[{"href":"https:\/\/senabel.com\/sv\/wp-json\/wp\/v2\/types\/page"}],"author":[{"embeddable":true,"href":"https:\/\/senabel.com\/sv\/wp-json\/wp\/v2\/users\/1"}],"replies":[{"embeddable":true,"href":"https:\/\/senabel.com\/sv\/wp-json\/wp\/v2\/comments?post=15637"}],"version-history":[{"count":4,"href":"https:\/\/senabel.com\/sv\/wp-json\/wp\/v2\/pages\/15637\/revisions"}],"predecessor-version":[{"id":15644,"href":"https:\/\/senabel.com\/sv\/wp-json\/wp\/v2\/pages\/15637\/revisions\/15644"}],"wp:attachment":[{"href":"https:\/\/senabel.com\/sv\/wp-json\/wp\/v2\/media?parent=15637"}],"curies":[{"name":"wp","href":"https:\/\/api.w.org\/{rel}","templated":true}]}}