{"id":15631,"date":"2024-11-20T16:27:38","date_gmt":"2024-11-20T16:27:38","guid":{"rendered":"https:\/\/senabel.com\/?page_id=15631"},"modified":"2024-11-20T16:35:08","modified_gmt":"2024-11-20T16:35:08","slug":"policy-for-avbokning-av-order","status":"publish","type":"page","link":"https:\/\/senabel.com\/sv\/%d8%b3%d9%8a%d8%a7%d8%b3%d8%a9-%d8%a5%d9%84%d8%ba%d8%a7%d8%a1-%d8%a7%d9%84%d8%b7%d9%84%d8%a8\/","title":{"rendered":"Policy f\u00f6r avbokning av order"},"content":{"rendered":"<div data-elementor-type=\"wp-page\" data-elementor-id=\"15631\" class=\"elementor elementor-15631\">\n\t\t\t\t<div class=\"wd-negative-gap elementor-element elementor-element-6d0ec2b e-flex e-con-boxed e-con e-parent\" data-id=\"6d0ec2b\" data-element_type=\"container\">\n\t\t\t\t\t<div class=\"e-con-inner\">\n\t\t\t\t<div class=\"elementor-element elementor-element-014fbfa elementor-widget elementor-widget-wd_text_block\" data-id=\"014fbfa\" data-element_type=\"widget\" data-widget_type=\"wd_text_block.default\">\n\t\t\t\t<div class=\"elementor-widget-container\">\n\t\t\t\t\t\t\t<div class=\"wd-text-block reset-last-child text-left\">\n\t\t\t\n\t\t\t<p style=\"text-align: right;\">Best\u00e4llningen fullg\u00f6rs samma dag som vi f\u00e5r kundens best\u00e4llning och n\u00e4sta dag skickas den, leveransperioden tar 2 till 4 dagar p\u00e5 normala dagar.<\/p><p style=\"text-align: right;\">Under evenemang och helgdagar kan best\u00e4llningen fyllas samma dag eller till och med 2 dagar efter den dag vi f\u00e5r kundens best\u00e4llning, och leveranstiden kan ta 2-6 dagar p\u00e5 grund av h\u00f6gt tryck.<\/p><p style=\"text-align: right;\"><strong>Policy f\u00f6r avbest\u00e4llning av order:<\/strong><br \/>F\u00f6r att avbryta din best\u00e4llning kan du avbryta den inom 3 timmar fr\u00e5n det att best\u00e4llningen skapades och f\u00e5 ett e-postmeddelande om att din best\u00e4llning p\u00e5g\u00e5r.<\/p><ul style=\"text-align: right;\"><li>En order kan inte annulleras n\u00e4r den \u00e4r slutf\u00f6rd.<\/li><li>En order kan inte annulleras n\u00e4r den har levererats f\u00f6r leverans.<\/li><li>Best\u00e4llningen kan inte annulleras om leveransen \u00e4r f\u00f6rsenad eftersom vi inte \u00e4r ansvariga f\u00f6r f\u00f6rseningar som orsakas av fraktbolaget <em>PostNord<\/em> Eller <em>DHL<\/em> hela tiden.<\/li><\/ul><p style=\"text-align: right;\"><strong>Fraktkostnaden:<\/strong><br \/>Fraktkostnaden varierar beroende p\u00e5 antal.<\/p><p style=\"text-align: right;\"><strong>Outl\u00f6sta paket:<\/strong><br \/>Om ditt paket inte kommer fram i tid debiteras du 299 kr f\u00f6r att t\u00e4cka v\u00e5ra hanteringskostnader.<\/p><p style=\"text-align: right;\"><strong>Klagom\u00e5l:<\/strong><br \/>Transportskador ska anm\u00e4las till postkontoret s\u00e5 snart skadan uppt\u00e4cks. Om det har uppst\u00e5tt ett fel eller om en vara har skickats felaktigt m\u00e5ste du kontakta oss s\u00e5 snart som m\u00f6jligt via e-post: <a rel=\"noopener\">info@senabel.com<\/a> P\u00e5peka felet s\u00e5 f\u00e5r du information om hur du ska g\u00e5 vidare. Vi st\u00e5r f\u00f6r kostnaden f\u00f6r dessa returer.<\/p><p style=\"text-align: right;\">Det \u00e4r mycket viktigt f\u00f6r oss att du \u00e4r n\u00f6jd med ditt k\u00f6p.<\/p>\n\t\t\t\t\t<\/div>\n\t\t\t\t\t\t<\/div>\n\t\t\t\t<\/div>\n\t\t\t\t\t<\/div>\n\t\t\t\t<\/div>\n\t\t\t\t<\/div>","protected":false},"excerpt":{"rendered":"<p>\u064a\u062a\u0645 \u062a\u0646\u0641\u064a\u0630 \u0627\u0644\u0637\u0644\u0628 \u0641\u064a \u0646\u0641\u0633 \u0627\u0644\u064a\u0648\u0645 \u0627\u0644\u0630\u064a \u0646\u0633\u062a\u0644\u0645 \u0641\u064a\u0647 \u0637\u0644\u0628 \u0627\u0644\u0639\u0645\u064a\u0644\u060c \u0648\u0641\u064a \u0627\u0644\u064a\u0648\u0645 \u0627\u0644\u062a\u0627\u0644\u064a \u064a\u062a\u0645 \u0634\u062d\u0646\u0647\u060c \u0648\u062a\u0633\u062a\u063a\u0631\u0642 \u0641\u062a\u0631\u0629 \u0627\u0644\u0634\u062d\u0646 \u0645\u0646<\/p>","protected":false},"author":1,"featured_media":0,"parent":0,"menu_order":0,"comment_status":"closed","ping_status":"closed","template":"","meta":{"footnotes":""},"class_list":["post-15631","page","type-page","status-publish","hentry"],"_links":{"self":[{"href":"https:\/\/senabel.com\/sv\/wp-json\/wp\/v2\/pages\/15631","targetHints":{"allow":["GET"]}}],"collection":[{"href":"https:\/\/senabel.com\/sv\/wp-json\/wp\/v2\/pages"}],"about":[{"href":"https:\/\/senabel.com\/sv\/wp-json\/wp\/v2\/types\/page"}],"author":[{"embeddable":true,"href":"https:\/\/senabel.com\/sv\/wp-json\/wp\/v2\/users\/1"}],"replies":[{"embeddable":true,"href":"https:\/\/senabel.com\/sv\/wp-json\/wp\/v2\/comments?post=15631"}],"version-history":[{"count":4,"href":"https:\/\/senabel.com\/sv\/wp-json\/wp\/v2\/pages\/15631\/revisions"}],"predecessor-version":[{"id":15636,"href":"https:\/\/senabel.com\/sv\/wp-json\/wp\/v2\/pages\/15631\/revisions\/15636"}],"wp:attachment":[{"href":"https:\/\/senabel.com\/sv\/wp-json\/wp\/v2\/media?parent=15631"}],"curies":[{"name":"wp","href":"https:\/\/api.w.org\/{rel}","templated":true}]}}